{"id":99,"date":"2022-04-27T18:57:02","date_gmt":"2022-04-27T16:57:02","guid":{"rendered":"https:\/\/blogcom.univ-angers.fr\/bienvenue\/?page_id=99"},"modified":"2022-05-25T14:05:02","modified_gmt":"2022-05-25T12:05:02","slug":"vie-associative","status":"publish","type":"page","link":"https:\/\/blogcom.univ-angers.fr\/bienvenue\/fr\/sur-les-campus\/vie-associative\/","title":{"rendered":"Vie associative"},"content":{"rendered":"\n<div class=\"wp-block-columns is-layout-flex wp-container-core-columns-is-layout-9d6595d7 wp-block-columns-is-layout-flex\">\n<div class=\"wp-block-column is-layout-flow wp-block-column-is-layout-flow\" style=\"flex-basis:66.66%\">\n<h1 class=\"wp-block-heading\">Associations<\/h1>\n\n\n\n<p>Plus de 60 associations et organisations \u00e9tudiantes sont l\u00e0 pour vous aider \u00e0 bien vivre vos ann\u00e9es universitaires. Elles proposent un large \u00e9ventail d&rsquo;activit\u00e9s qui permettent de dynamiser les diff\u00e9rents campus.&nbsp;<\/p>\n\n\n\n<p class=\"bleu\">Retrouvez toutes les associations, r\u00e9parties selon plusieurs th\u00e9matiques et par composantes&nbsp;<a href=\"https:\/\/www.univ-angers.fr\/fr\/vie-des-campus\/vie-associative.html\" target=\"_blank\" rel=\"noreferrer noopener\"><strong>sur le site de l&rsquo;Universit\u00e9 d&rsquo;Angers<\/strong>.<\/a>&nbsp;<\/p>\n\n\n\n<div class=\"wp-block-image\"><figure class=\"alignright\"><img decoding=\"async\" src=\"https:\/\/bienvenue.univ-angers.fr\/_richText-file\/ametys-internal%253Asites\/marentree\/ametys-internal%253Acontents\/nouvelle-actualite-2\/_attribute\/content\/_data\/illu_site_marentree_asso_201x201.png\" alt=\"\"\/><\/figure><\/div>\n\n\n\n<p>Les th\u00e8mes :&nbsp;<\/p>\n\n\n\n<ul class=\"wp-block-list\"><li>Culture<\/li><li>Environnement<\/li><li>Insertion professionnelle<\/li><li>International<\/li><li>Coh\u00e9sion<\/li><li>Solidaire<\/li><li>Sant\u00e9 publique<\/li><li>Tutorat<\/li><li>Citoyennet\u00e9<\/li><li>Repr\u00e9sentation<\/li><li>Culture scientifique et technique<\/li><li>Sport<\/li><\/ul>\n\n\n\n<h1 class=\"wp-block-heading\">La Parenth\u00e8se<\/h1>\n\n\n\n<p>Ce lieu de vie \u00e9tudiant, co-g\u00e9r\u00e9 par l&rsquo;UA et le Crous, accueille des \u00e9v\u00e9nements culturels et des projets men\u00e9s par les associations et les \u00e9tudiants.<a rel=\"noreferrer noopener\" href=\"https:\/\/www.facebook.com\/la.parenthese.belle.beille\/\" target=\"_blank\"><\/a><\/p>\n\n\n\n<div id=\"beige\" class=\"wp-block-group\"><div class=\"wp-block-group__inner-container is-layout-flow wp-block-group-is-layout-flow\">\n<div class=\"wp-block-group beige\"><div class=\"wp-block-group__inner-container is-layout-flow wp-block-group-is-layout-flow\">\n<h1 class=\"wp-block-heading\">La&nbsp;Charte des Associations de l\u2019UA :<\/h1>\n\n\n\n<p>L\u2019Universit\u00e9 d\u2019Angers, consciente de l\u2019importance du tissu associatif \u00e9tudiant, encourage et soutient ses associations au travers d\u2019une charte. Au-del\u00e0 de contribuer au d\u00e9veloppement de la vie associative, au dynamisme de l\u2019universit\u00e9 et \u00e0 son rayonnement, cette charte a pour objectif de valoriser le travail et la pr\u00e9sence des associations \u00e9tudiantes sur les campus et de leur permettre d\u2019acc\u00e9der \u00e0 diff\u00e9rents services et financements pour mener leurs actions dans les meilleures conditions possibles.<\/p>\n<\/div><\/div>\n<\/div><\/div>\n<\/div>\n\n\n\n<div class=\"wp-block-column is-layout-flow wp-block-column-is-layout-flow\" style=\"flex-basis:33.33%\"><section id=\"block-4\" class=\"widget widget_block\">\n<div id=\"bloc-question\">\n<h1 class=\"widget-title\">Une question ?<\/h1>\n<a href=\"\/fr\/services\/infocampus\/\"><img loading=\"lazy\" decoding=\"async\" class=\"size-full wp-image-56 aligncenter\" src=\"\/wp-content\/uploads\/sites\/19\/2022\/06\/6_bouton_questions.png\" alt=\"Question r\u00e9ponse\" width=\"201\" height=\"246\" \/><\/a>\n\n<\/div>\n<\/section>\n\n\n<div class=\"wp-block-group beige\"><div class=\"wp-block-group__inner-container is-layout-flow wp-block-group-is-layout-flow\">\n<h1 class=\"wp-block-heading\">Accompagner les initiatives \u00e9tudiantes<\/h1>\n\n\n\n<p>L&rsquo;UA dispose de ressources humaines et financi\u00e8res pour accompagner les associations \u00e9tudiantes dans la r\u00e9alisation de leurs projets : culture, citoyennet\u00e9, humanitaire, solidarit\u00e9, sport&#8230;..<\/p>\n\n\n\n<p>Une id\u00e9e, des besoins ? Contactez le p\u00f4le Vie associative et initiatives \u00e9tudiantes :&nbsp;<a href=\"mailto:amandine.girard@univ-angers.fr\">amandine.girard@univ-angers.fr<\/a><\/p>\n<\/div><\/div>\n<\/div>\n<\/div>\n","protected":false},"excerpt":{"rendered":"<p>Associations Plus de 60 associations et organisations \u00e9tudiantes sont l\u00e0 pour vous aider \u00e0 bien vivre vos ann\u00e9es universitaires. Elles &hellip; <\/p>\n","protected":false},"author":3,"featured_media":0,"parent":256,"menu_order":4,"comment_status":"closed","ping_status":"closed","template":"","meta":{"inline_featured_image":false,"footnotes":""},"class_list":["post-99","page","type-page","status-publish","hentry"],"featured_image_src":null,"_links":{"self":[{"href":"https:\/\/blogcom.univ-angers.fr\/bienvenue\/wp-json\/wp\/v2\/pages\/99","targetHints":{"allow":["GET"]}}],"collection":[{"href":"https:\/\/blogcom.univ-angers.fr\/bienvenue\/wp-json\/wp\/v2\/pages"}],"about":[{"href":"https:\/\/blogcom.univ-angers.fr\/bienvenue\/wp-json\/wp\/v2\/types\/page"}],"author":[{"embeddable":true,"href":"https:\/\/blogcom.univ-angers.fr\/bienvenue\/wp-json\/wp\/v2\/users\/3"}],"replies":[{"embeddable":true,"href":"https:\/\/blogcom.univ-angers.fr\/bienvenue\/wp-json\/wp\/v2\/comments?post=99"}],"version-history":[{"count":5,"href":"https:\/\/blogcom.univ-angers.fr\/bienvenue\/wp-json\/wp\/v2\/pages\/99\/revisions"}],"predecessor-version":[{"id":1727,"href":"https:\/\/blogcom.univ-angers.fr\/bienvenue\/wp-json\/wp\/v2\/pages\/99\/revisions\/1727"}],"up":[{"embeddable":true,"href":"https:\/\/blogcom.univ-angers.fr\/bienvenue\/wp-json\/wp\/v2\/pages\/256"}],"wp:attachment":[{"href":"https:\/\/blogcom.univ-angers.fr\/bienvenue\/wp-json\/wp\/v2\/media?parent=99"}],"curies":[{"name":"wp","href":"https:\/\/api.w.org\/{rel}","templated":true}]}}