{"id":95,"date":"2022-04-27T18:56:45","date_gmt":"2022-04-27T16:56:45","guid":{"rendered":"https:\/\/blogcom.univ-angers.fr\/bienvenue\/?page_id=95"},"modified":"2023-06-20T11:32:51","modified_gmt":"2023-06-20T09:32:51","slug":"sport","status":"publish","type":"page","link":"https:\/\/blogcom.univ-angers.fr\/bienvenue\/fr\/sur-les-campus\/sport\/","title":{"rendered":"Sport"},"content":{"rendered":"\n<p><b>Le Suaps enseigne et organise les activit\u00e9s physiques, sportives et artistiques pour les \u00e9tudiant\u00b7e\u00b7s et personnels de l&rsquo;UA. Il propose aussi des animations gratuites et ouvertes \u00e0 tou\u00b7te\u00b7s. <\/b><\/p>\n\n\n<div class=\"wp-block-image\">\n<figure class=\"aligncenter\"><a href=\"https:\/\/suaps.univ-angers.fr\/accueil\" target=\"_blank\" rel=\"noopener\"><img loading=\"lazy\" decoding=\"async\" width=\"300\" height=\"75\" src=\"http:\/\/blogcom.univ-angers.fr\/bienvenue\/wp-content\/uploads\/sites\/19\/2022\/05\/bouton_Inscription_sport-300x75.png\" alt=\"Bouton : je m'inscris au sport\" class=\"wp-image-544\" srcset=\"https:\/\/blogcom.univ-angers.fr\/bienvenue\/wp-content\/uploads\/sites\/19\/2022\/05\/bouton_Inscription_sport-300x75.png 300w, https:\/\/blogcom.univ-angers.fr\/bienvenue\/wp-content\/uploads\/sites\/19\/2022\/05\/bouton_Inscription_sport.png 430w\" sizes=\"auto, (max-width: 300px) 100vw, 300px\" \/><\/a><\/figure>\n<\/div>\n\n\n<h1 class=\"wp-block-heading\">Pack sport Etudiant<\/h1>\n\n\n\n<ul class=\"wp-block-list\">\n<li>Une activit\u00e9 gratuite au choix <\/li>\n\n\n\n<li>10\u20ac l&rsquo;activit\u00e9 suppl\u00e9mentaire par semestre<\/li>\n\n\n\n<li>Acc\u00e8s gratuit aux \u00e9v\u00e9nements et animations<\/li>\n\n\n\n<li>Acc\u00e8s aux stages gratuits<\/li>\n<\/ul>\n\n\n\n<h1 class=\"wp-block-heading\">Sport au Quotidien<\/h1>\n\n\n\n<p><a href=\"https:\/\/www.univ-angers.fr\/fr\/vie-des-campus\/sport\/activites.html\" target=\"_blank\" rel=\"noopener\">Voir toutes les activit\u00e9s sur le site de l&rsquo;UA<\/a><\/p>\n\n\n\n<p>Une fois le pack sport souscrit, il est indispensable de <a class=\"external\" rel=\"noopener\" href=\"https:\/\/suaps.univ-angers.fr\/\" target=\"_blank\">r\u00e9server en ligne<\/a> une place dans l\u2019activit\u00e9 \u00e0 laquelle vous \u00eates inscrit\u00b7e, et ce \u00e0 chaque venue au Suaps. Ouverture des cr\u00e9neaux de r\u00e9servation 7 jours avant le cours.<\/p>\n\n\n\n<p>Plus de 60 activit\u00e9s propos\u00e9es et 190 cr\u00e9neaux hebdomadaires<\/p>\n\n\n\n<h1 class=\"wp-block-heading\">Sport \u00e9valu\u00e9<\/h1>\n\n\n\n<p>Vous avez la possibilit\u00e9 de valoriser votre pratique sportive en choisissant les E2o sport et gagnez des points bonus. <span class=\"s2\"><a href=\"https:\/\/www.univ-angers.fr\/fr\/vie-des-campus\/sport\/sport-evalue.html\" target=\"_blank\" rel=\"noopener\">En savoir plus.<\/a><\/span><\/p>\n\n\n\n<h1 class=\"wp-block-heading\">\u00c9v\u00e9nementiels sportifs<\/h1>\n\n\n\n<ul class=\"wp-block-list\">\n<li>Des soir\u00e9es gratuites (tournois, d\u00e9fis, initiations)<\/li>\n\n\n\n<li>Des stages plein air (sept-oct et mai-juin)<\/li>\n<\/ul>\n\n\n\n<h1 class=\"wp-block-heading\">Accompagnement sportif et individualis\u00e9<\/h1>\n\n\n\n<ul class=\"wp-block-list\">\n<li>Sportif de haut niveau<\/li>\n\n\n\n<li>Handicap<\/li>\n\n\n\n<li>Sport Sant\u00e9<\/li>\n<\/ul>\n\n\n\n<h1 class=\"wp-block-heading\">Sport de comp\u00e9tition<\/h1>\n\n\n\n<p>L\u2019adh\u00e9sion \u00e0 l\u2019association sportive de l\u2019UA, l\u2019Asua, vous permet de pratiquer des sports en comp\u00e9tition dans le cadre de la F\u00e9d\u00e9ration Fran\u00e7aise du Sport Universitaire (FFSU).<\/p>\n\n\n\n<h1 class=\"wp-block-heading\">Formations qualifiantes<\/h1>\n\n\n\n<p><b>Le Suaps propose aussi des sessions de formations qualifiantes :<\/b><\/p>\n\n\n\n<ul class=\"wp-block-list\">\n<li>Pr\u00e9vention et secours civiques de niveau 1 (PSC1) <\/li>\n\n\n\n<li>Brevet national de s\u00e9curit\u00e9 et de sauvetage aquatique (BNSSA) (PSE1 inclus)<\/li>\n\n\n\n<li>Niveau 1 de Plong\u00e9e sous-marine<\/li>\n\n\n\n<li>Passage de grade | sports de combat<\/li>\n<\/ul>\n\n\n\n<p><span class=\"s2\"><a href=\"https:\/\/www.univ-angers.fr\/fr\/vie-des-campus\/sport\/formations-qualifiantes.html\">En savoir plus<\/a><\/span><\/p>\n\n\n\n<p><b>Pour retrouver toutes les activit\u00e9s propos\u00e9es par le Suaps,&nbsp;<\/b><a href=\"https:\/\/www.univ-angers.fr\/fr\/vie-des-campus\/sport.html\"><span class=\"s3\"><b>rendez-vous sur le site de l&rsquo;UA !<\/b><\/span><\/a><\/p>\n","protected":false},"excerpt":{"rendered":"<p>Le Suaps enseigne et organise les activit\u00e9s physiques, sportives et artistiques pour les \u00e9tudiant\u00b7e\u00b7s et personnels de l&rsquo;UA. Il propose &hellip; <\/p>\n","protected":false},"author":3,"featured_media":0,"parent":256,"menu_order":2,"comment_status":"closed","ping_status":"closed","template":"","meta":{"inline_featured_image":false,"footnotes":""},"class_list":["post-95","page","type-page","status-publish","hentry"],"featured_image_src":null,"_links":{"self":[{"href":"https:\/\/blogcom.univ-angers.fr\/bienvenue\/wp-json\/wp\/v2\/pages\/95","targetHints":{"allow":["GET"]}}],"collection":[{"href":"https:\/\/blogcom.univ-angers.fr\/bienvenue\/wp-json\/wp\/v2\/pages"}],"about":[{"href":"https:\/\/blogcom.univ-angers.fr\/bienvenue\/wp-json\/wp\/v2\/types\/page"}],"author":[{"embeddable":true,"href":"https:\/\/blogcom.univ-angers.fr\/bienvenue\/wp-json\/wp\/v2\/users\/3"}],"replies":[{"embeddable":true,"href":"https:\/\/blogcom.univ-angers.fr\/bienvenue\/wp-json\/wp\/v2\/comments?post=95"}],"version-history":[{"count":13,"href":"https:\/\/blogcom.univ-angers.fr\/bienvenue\/wp-json\/wp\/v2\/pages\/95\/revisions"}],"predecessor-version":[{"id":3569,"href":"https:\/\/blogcom.univ-angers.fr\/bienvenue\/wp-json\/wp\/v2\/pages\/95\/revisions\/3569"}],"up":[{"embeddable":true,"href":"https:\/\/blogcom.univ-angers.fr\/bienvenue\/wp-json\/wp\/v2\/pages\/256"}],"wp:attachment":[{"href":"https:\/\/blogcom.univ-angers.fr\/bienvenue\/wp-json\/wp\/v2\/media?parent=95"}],"curies":[{"name":"wp","href":"https:\/\/api.w.org\/{rel}","templated":true}]}}