{"id":93,"date":"2022-04-27T18:56:37","date_gmt":"2022-04-27T16:56:37","guid":{"rendered":"https:\/\/blogcom.univ-angers.fr\/bienvenue\/?page_id=93"},"modified":"2023-11-24T15:57:22","modified_gmt":"2023-11-24T14:57:22","slug":"bibliotheques","status":"publish","type":"page","link":"https:\/\/blogcom.univ-angers.fr\/bienvenue\/fr\/sur-les-campus\/bibliotheques\/","title":{"rendered":"Biblioth\u00e8ques"},"content":{"rendered":"\n<p><strong>Vous \u00eates inscrit automatiquement \u00e0 la Biblioth\u00e8que Universitaire d&rsquo;Angers au maximum 48 h apr\u00e8s votre inscription administrative \u00e0 l&rsquo;Universit\u00e9 d&rsquo;Angers. Votre carte \u00e9tudiante est votre carte de biblioth\u00e8que.<\/strong><\/p>\n\n\n\n<p class=\"bleu\">2023-24 : Travaux de r\u00e9novation qui s&rsquo;ach\u00e8veront sur les 1\u00e8res semaines de l&rsquo;ann\u00e9e universitaire \u00e0 la BU Belle Beille. La BU reste ouverte, avec des modifications d&rsquo;acc\u00e8s et d&rsquo;espaces. <a rel=\"noreferrer noopener\" href=\"https:\/\/bu.univ-angers.fr\/travaux-bu-bellebeille\" target=\"_blank\">En savoir plus sur le site de la BU<\/a><\/p>\n\n\n\n<p>\u00c0 la biblioth\u00e8que, vous pouvez&#8230;<\/p>\n\n\n\n<h1 class=\"wp-block-heading\">Emprunter<\/h1>\n\n\n\n<ul class=\"wp-block-list\">\n<li>des livres, des revues, des DVD, des BD (en quantit\u00e9 illimit\u00e9e pendant 6 semaines)<\/li>\n\n\n\n<li>\u00e0 l&rsquo;accueil de chaque BU du&nbsp;<a rel=\"noreferrer noopener\" href=\"https:\/\/bu.univ-angers.fr\/materiel\" target=\"_blank\">mat\u00e9riel<\/a>&nbsp;sur place ou \u00e0 emporter<\/li>\n<\/ul>\n\n\n\n<h1 class=\"wp-block-heading\">Consulter sur place ou \u00e0 distance<\/h1>\n\n\n<div class=\"wp-block-image\">\n<figure class=\"alignright size-full\"><img loading=\"lazy\" decoding=\"async\" width=\"201\" height=\"163\" src=\"http:\/\/blogcom.univ-angers.fr\/bienvenue\/wp-content\/uploads\/sites\/19\/2022\/05\/illu_site_marentree_BU-e1652892070165.png\" alt=\"\" class=\"wp-image-530\" \/><\/figure>\n<\/div>\n\n\n<ul class=\"wp-block-list\">\n<li>toute la documentation en ligne \u00e0 laquelle la BU est abonn\u00e9e<\/li>\n\n\n\n<li>la presse quotidienne et d&rsquo;actualit\u00e9<\/li>\n\n\n\n<li>25 000 journaux scientifiques<\/li>\n\n\n\n<li>des bases de donn\u00e9es sp\u00e9cialis\u00e9es en droit, sant\u00e9, sciences, lettres<\/li>\n\n\n\n<li>votre compte<\/li>\n<\/ul>\n\n\n\n<h1 class=\"wp-block-heading\">Utiliser des services<\/h1>\n\n\n\n<ul class=\"wp-block-list\">\n<li><a href=\"https:\/\/bu.univ-angers.fr\/imprimer\">Imprimer<\/a> des documents (payez avec le portemonnaie Izly de votre carte \u00e9tudiante)<\/li>\n\n\n\n<li>Scanner gratuitement des documents<\/li>\n\n\n\n<li><a href=\"https:\/\/bu.univ-angers.fr\/BUA_resa\">R\u00e9server<\/a> une salle de groupe ou une place de travail<\/li>\n\n\n\n<li>Demander un pr\u00eat entre biblioth\u00e8ques<\/li>\n<\/ul>\n\n\n\n<div class=\"wp-block-group beige\"><div class=\"wp-block-group__inner-container is-layout-flow wp-block-group-is-layout-flow\">\n<h1 class=\"wp-block-heading\">Les horaires de la BU Saint-Serge<\/h1>\n\n\n\n<p>Ouverte 7 jours sur 7, plus de 91 heures par semaine (de 8h30 \u00e0 22h30 du lundi au samedi et de 13h-20h le dimanche).<\/p>\n\n\n\n<p>La BU de Saint-Serge propose&nbsp;<strong>800 places<\/strong>, avec \u00e9clairage et prises \u00e9lectriques sur les tables.<\/p>\n\n\n\n<h1 class=\"wp-block-heading\">Les horaires de la BU Belle-Beille<\/h1>\n\n\n\n<p>Ouverte de 8h30 \u00e0 20h du lundi au samedi.<\/p>\n\n\n\n<p>La BU de Belle-Beille propose&nbsp;<strong>800 places<\/strong>.<\/p>\n\n\n\n<h1 class=\"wp-block-heading\">Les horaires de la BU Cholet<\/h1>\n\n\n\n<p>Ouverte du lundi au vendredi de 8h30 \u00e0 19h et le samedi de 8h30 \u00e0 12h30.<br>Ouverte pendant les vacances universitaires du lundi au vendredi 8h30 \u00e0 17h30.<\/p>\n\n\n\n<p><a href=\"http:\/\/bu.univ-angers.fr\" data-type=\"URL\" data-id=\"bu.univ-angers.fr\" target=\"_blank\" rel=\"noreferrer noopener\">Plus d&rsquo;infos sur le site des BU<\/a><br><\/p>\n<\/div><\/div>\n","protected":false},"excerpt":{"rendered":"<p>Vous \u00eates inscrit automatiquement \u00e0 la Biblioth\u00e8que Universitaire d&rsquo;Angers au maximum 48 h apr\u00e8s votre inscription administrative \u00e0 l&rsquo;Universit\u00e9 d&rsquo;Angers. &hellip; <\/p>\n","protected":false},"author":3,"featured_media":0,"parent":256,"menu_order":1,"comment_status":"closed","ping_status":"closed","template":"","meta":{"inline_featured_image":false,"footnotes":""},"class_list":["post-93","page","type-page","status-publish","hentry"],"featured_image_src":null,"_links":{"self":[{"href":"https:\/\/blogcom.univ-angers.fr\/bienvenue\/wp-json\/wp\/v2\/pages\/93","targetHints":{"allow":["GET"]}}],"collection":[{"href":"https:\/\/blogcom.univ-angers.fr\/bienvenue\/wp-json\/wp\/v2\/pages"}],"about":[{"href":"https:\/\/blogcom.univ-angers.fr\/bienvenue\/wp-json\/wp\/v2\/types\/page"}],"author":[{"embeddable":true,"href":"https:\/\/blogcom.univ-angers.fr\/bienvenue\/wp-json\/wp\/v2\/users\/3"}],"replies":[{"embeddable":true,"href":"https:\/\/blogcom.univ-angers.fr\/bienvenue\/wp-json\/wp\/v2\/comments?post=93"}],"version-history":[{"count":26,"href":"https:\/\/blogcom.univ-angers.fr\/bienvenue\/wp-json\/wp\/v2\/pages\/93\/revisions"}],"predecessor-version":[{"id":3925,"href":"https:\/\/blogcom.univ-angers.fr\/bienvenue\/wp-json\/wp\/v2\/pages\/93\/revisions\/3925"}],"up":[{"embeddable":true,"href":"https:\/\/blogcom.univ-angers.fr\/bienvenue\/wp-json\/wp\/v2\/pages\/256"}],"wp:attachment":[{"href":"https:\/\/blogcom.univ-angers.fr\/bienvenue\/wp-json\/wp\/v2\/media?parent=93"}],"curies":[{"name":"wp","href":"https:\/\/api.w.org\/{rel}","templated":true}]}}