{"id":91,"date":"2022-04-27T18:56:21","date_gmt":"2022-04-27T16:56:21","guid":{"rendered":"https:\/\/blogcom.univ-angers.fr\/bienvenue\/?page_id=91"},"modified":"2023-07-03T17:15:31","modified_gmt":"2023-07-03T15:15:31","slug":"numerique","status":"publish","type":"page","link":"https:\/\/blogcom.univ-angers.fr\/bienvenue\/fr\/sur-les-campus\/numerique\/","title":{"rendered":"Num\u00e9rique"},"content":{"rendered":"\n<h1 class=\"wp-block-heading\">Je valide mon compte ENT<\/h1>\n\n\n\n<p>Vous \u00eates bien arriv\u00e9 et vous avez finalis\u00e9 votre inscription administrative aupr\u00e8s de votre composante.<\/p>\n\n\n\n<p>Pour acc\u00e9der \u00e0 tous les services de l\u2019UA vous devez&nbsp;<strong><a href=\"https:\/\/ent.univ-angers.fr\/\" target=\"_blank\" rel=\"noreferrer noopener\">activer votre compte ENT<\/a>&nbsp;<\/strong>pour acc\u00e9der au&nbsp;<strong>guichet num\u00e9rique<\/strong>.<\/p>\n\n\n\n<p>Vous pourrez ainsi acc\u00e9der \u00e0 votre messagerie, votre emploi du temps, les services num\u00e9riques, des documents li\u00e9es \u00e0 votre scolarit\u00e9 et bien d\u2019autres \u00e9l\u00e9ments essentiels \u00e0 votre scolarit\u00e9.<\/p>\n\n\n\n<figure class=\"wp-block-embed is-type-video is-provider-youtube wp-block-embed-youtube wp-embed-aspect-16-9 wp-has-aspect-ratio\"><div class=\"wp-block-embed__wrapper\">\n<iframe loading=\"lazy\" title=\"Accueil \u00e9tudiants : Validation de l&#039;ENT\" width=\"750\" height=\"422\" src=\"https:\/\/www.youtube.com\/embed\/eaoeoPPUgsU?feature=oembed\" frameborder=\"0\" allow=\"accelerometer; autoplay; clipboard-write; encrypted-media; gyroscope; picture-in-picture; web-share\" allowfullscreen><\/iframe>\n<\/div><\/figure>\n\n\n\n<h1 class=\"wp-block-heading\">Les outils p\u00e9dagogiques &amp; tutoriels<\/h1>\n\n\n\n<p>L&rsquo;Universit\u00e9 met \u00e0 votre disposition des\u00a0<a rel=\"noreferrer noopener\" href=\"https:\/\/moodle.univ-angers.fr\/course\/view.php?id=15333\" target=\"_blank\">tutoriels<\/a> pour\u00a0 vous familiariser avec les outils num\u00e9riques de l&rsquo;UA : Moodle, Office 365, messagerie, WIFI&#8230; <a rel=\"noreferrer noopener\" href=\"https:\/\/moodle.univ-angers.fr\/course\/view.php?id=15333\" target=\"_blank\"><strong>Retrouvez-les ici.<\/strong><\/a><\/p>\n\n\n\n<h1 class=\"wp-block-heading\">Assistance num\u00e9rique<\/h1>\n\n\n\n<p>L&rsquo;Universit\u00e9 d&rsquo;Angers a mis en place un certain nombre d&rsquo;aides num\u00e9riques pour vous : helpdesk, permanence t\u00e9l\u00e9phonique&#8230; <strong><a href=\"https:\/\/www.univ-angers.fr\/fr\/vie-des-campus\/numerique\/pages-d-aide\/assistance-numerique.html?search-keywords=aide+num%C3%A9rique\" target=\"_blank\" rel=\"noreferrer noopener\">Retrouvez-les ici.<\/a>&nbsp;<\/strong><\/p>\n\n\n\n<h1 class=\"wp-block-heading\">Offre Microsoft 365<\/h1>\n\n\n\n<p>\u00c0 noter : l&rsquo;UA vous offre \u00e9galement 5 licences gratuites Microsoft 365 comprenant une suite bureautique et des outils collaboratifs de gestion de projets comme Teams. <strong><a rel=\"noreferrer noopener\" href=\"https:\/\/www.univ-angers.fr\/fr\/vie-des-campus\/numerique\/pages-d-aide\/office-365.html?search-keywords=office+365\" target=\"_blank\">Rendez-vous sur le site de l&rsquo;UA pour en profiter !<\/a><\/strong><\/p>\n\n\n<div class=\"wp-block-image\">\n<figure class=\"aligncenter size-full\"><img loading=\"lazy\" decoding=\"async\" width=\"201\" height=\"201\" src=\"http:\/\/blogcom.univ-angers.fr\/bienvenue\/wp-content\/uploads\/sites\/19\/2022\/05\/illu_site_marentree_numerique.png\" alt=\"\" class=\"wp-image-524\" srcset=\"https:\/\/blogcom.univ-angers.fr\/bienvenue\/wp-content\/uploads\/sites\/19\/2022\/05\/illu_site_marentree_numerique.png 201w, https:\/\/blogcom.univ-angers.fr\/bienvenue\/wp-content\/uploads\/sites\/19\/2022\/05\/illu_site_marentree_numerique-150x150.png 150w, https:\/\/blogcom.univ-angers.fr\/bienvenue\/wp-content\/uploads\/sites\/19\/2022\/05\/illu_site_marentree_numerique-70x70.png 70w, https:\/\/blogcom.univ-angers.fr\/bienvenue\/wp-content\/uploads\/sites\/19\/2022\/05\/illu_site_marentree_numerique-125x125.png 125w\" sizes=\"auto, (max-width: 201px) 100vw, 201px\" \/><\/figure>\n<\/div>","protected":false},"excerpt":{"rendered":"<p>Je valide mon compte ENT Vous \u00eates bien arriv\u00e9 et vous avez finalis\u00e9 votre inscription administrative aupr\u00e8s de votre composante. &hellip; <\/p>\n","protected":false},"author":3,"featured_media":0,"parent":256,"menu_order":0,"comment_status":"closed","ping_status":"closed","template":"","meta":{"inline_featured_image":false,"footnotes":""},"class_list":["post-91","page","type-page","status-publish","hentry"],"featured_image_src":null,"_links":{"self":[{"href":"https:\/\/blogcom.univ-angers.fr\/bienvenue\/wp-json\/wp\/v2\/pages\/91","targetHints":{"allow":["GET"]}}],"collection":[{"href":"https:\/\/blogcom.univ-angers.fr\/bienvenue\/wp-json\/wp\/v2\/pages"}],"about":[{"href":"https:\/\/blogcom.univ-angers.fr\/bienvenue\/wp-json\/wp\/v2\/types\/page"}],"author":[{"embeddable":true,"href":"https:\/\/blogcom.univ-angers.fr\/bienvenue\/wp-json\/wp\/v2\/users\/3"}],"replies":[{"embeddable":true,"href":"https:\/\/blogcom.univ-angers.fr\/bienvenue\/wp-json\/wp\/v2\/comments?post=91"}],"version-history":[{"count":16,"href":"https:\/\/blogcom.univ-angers.fr\/bienvenue\/wp-json\/wp\/v2\/pages\/91\/revisions"}],"predecessor-version":[{"id":3780,"href":"https:\/\/blogcom.univ-angers.fr\/bienvenue\/wp-json\/wp\/v2\/pages\/91\/revisions\/3780"}],"up":[{"embeddable":true,"href":"https:\/\/blogcom.univ-angers.fr\/bienvenue\/wp-json\/wp\/v2\/pages\/256"}],"wp:attachment":[{"href":"https:\/\/blogcom.univ-angers.fr\/bienvenue\/wp-json\/wp\/v2\/media?parent=91"}],"curies":[{"name":"wp","href":"https:\/\/api.w.org\/{rel}","templated":true}]}}