{"id":84,"date":"2022-04-27T18:55:28","date_gmt":"2022-04-27T16:55:28","guid":{"rendered":"https:\/\/blogcom.univ-angers.fr\/bienvenue\/?page_id=84"},"modified":"2022-06-16T15:00:12","modified_gmt":"2022-06-16T13:00:12","slug":"job-etudiant","status":"publish","type":"page","link":"https:\/\/blogcom.univ-angers.fr\/bienvenue\/fr\/vie-pratique\/job-etudiant\/","title":{"rendered":"Job \u00e9tudiant"},"content":{"rendered":"<h1>Les rendez-vous insertion pro<\/h1>\n<p><strong>De la construction de votre projet \u00e0 votre insertion, des professionnels vous accompagnent. L&rsquo;\u00e9quipe du SUIO-IP vous guide dans votre r\u00e9flexion et vos d\u00e9marches.<\/strong><\/p>\n<p>Contactez-nous par mail : <a href=\"mailto:insertionpro.entrep@univ-angers.fr\"><strong>insertionpro.entrep@univ-angers.fr<\/strong><\/a><\/p>\n<ul>\n<li>Pour trouver un job ou cr\u00e9er son job<\/li>\n<li>Pour recevoir une aide \u00e0 la r\u00e9daction de CV et lettre de motivation<\/li>\n<li>Pour s&rsquo;entra\u00eener \u00e0 l&rsquo;entretien de recrutement<\/li>\n<\/ul>\n<p><a href=\"https:\/\/www.univ-angers.fr\/fr\/formations\/etre-accompagne-et-conseille\/insertion-professionnelle.html\" target=\"_blank\" rel=\"noopener\">Plus d&rsquo;infos sur le site de l&rsquo;UA<\/a><\/p>\n\n\n<p><\/p>\n","protected":false},"excerpt":{"rendered":"<p>Les rendez-vous insertion pro De la construction de votre projet \u00e0 votre insertion, des professionnels vous accompagnent. L&rsquo;\u00e9quipe du SUIO-IP &hellip; <\/p>\n","protected":false},"author":3,"featured_media":0,"parent":252,"menu_order":4,"comment_status":"closed","ping_status":"closed","template":"","meta":{"inline_featured_image":false,"footnotes":""},"class_list":["post-84","page","type-page","status-publish","hentry"],"featured_image_src":null,"_links":{"self":[{"href":"https:\/\/blogcom.univ-angers.fr\/bienvenue\/wp-json\/wp\/v2\/pages\/84","targetHints":{"allow":["GET"]}}],"collection":[{"href":"https:\/\/blogcom.univ-angers.fr\/bienvenue\/wp-json\/wp\/v2\/pages"}],"about":[{"href":"https:\/\/blogcom.univ-angers.fr\/bienvenue\/wp-json\/wp\/v2\/types\/page"}],"author":[{"embeddable":true,"href":"https:\/\/blogcom.univ-angers.fr\/bienvenue\/wp-json\/wp\/v2\/users\/3"}],"replies":[{"embeddable":true,"href":"https:\/\/blogcom.univ-angers.fr\/bienvenue\/wp-json\/wp\/v2\/comments?post=84"}],"version-history":[{"count":7,"href":"https:\/\/blogcom.univ-angers.fr\/bienvenue\/wp-json\/wp\/v2\/pages\/84\/revisions"}],"predecessor-version":[{"id":2457,"href":"https:\/\/blogcom.univ-angers.fr\/bienvenue\/wp-json\/wp\/v2\/pages\/84\/revisions\/2457"}],"up":[{"embeddable":true,"href":"https:\/\/blogcom.univ-angers.fr\/bienvenue\/wp-json\/wp\/v2\/pages\/252"}],"wp:attachment":[{"href":"https:\/\/blogcom.univ-angers.fr\/bienvenue\/wp-json\/wp\/v2\/media?parent=84"}],"curies":[{"name":"wp","href":"https:\/\/api.w.org\/{rel}","templated":true}]}}