{"id":82,"date":"2022-04-27T18:55:15","date_gmt":"2022-04-27T16:55:15","guid":{"rendered":"https:\/\/blogcom.univ-angers.fr\/bienvenue\/?page_id=82"},"modified":"2024-04-18T12:31:33","modified_gmt":"2024-04-18T10:31:33","slug":"boite-a-partage","status":"publish","type":"page","link":"https:\/\/blogcom.univ-angers.fr\/bienvenue\/fr\/vie-pratique\/boite-a-partage\/","title":{"rendered":"Bo\u00eete \u00e0 partage"},"content":{"rendered":"\n<p><strong>L\u2019Universit\u00e9 d\u2019Angers et le Crous ont mis en place un dispositif solidaire en vue de r\u00e9colter des objets du quotidien laiss\u00e9s par les \u00e9tudiants quittant la ville, afin de les redistribuer aux nouveaux arrivants.<\/strong><\/p>\n\n\n\n<h1 class=\"wp-block-heading\">Concr\u00e8tement, qu\u2019est-ce qu&rsquo;on peut donner et r\u00e9cup\u00e9rer ?<\/h1>\n\n\n\n<ul class=\"wp-block-list\">\n<li>Mat\u00e9riel de cuisine : vaisselle, ustensiles, casseroles, po\u00eales, etc. (propres !)<\/li>\n\n\n\n<li>Produits de m\u00e9nage et d\u2019hygi\u00e8ne (non-ouverts !)<\/li>\n<\/ul>\n\n\n\n<h1 class=\"wp-block-heading\">La distribution<\/h1>\n\n\n\n<p>Des distributions sont pr\u00e9vues au local R\u00e9sidence Volta, b\u00e2timent D (10 rue J. Lakanal), sur les p\u00e9riodes suivantes  :<\/p>\n\n\n\n<ul class=\"wp-block-list\">\n<li>Mardi 27 ao\u00fbt (17h-18h)<\/li>\n\n\n\n<li>Du lundi 2 septembre au vendredi 6 septembre (17h-18h)<\/li>\n\n\n\n<li>Mardi 10 septembre (17h-18h)<\/li>\n\n\n\n<li>Mardi 17 septembre (17h-18h)<\/li>\n\n\n\n<li>Mardi 24 septembre (17h-18h)<\/li>\n<\/ul>\n\n\n\n<p class=\"has-background\" style=\"background-color:#e6e7e8\">N&rsquo;oubliez pas votre justificatif \u00e9tudiant (carte \u00e9tudiante, certificat de scolarit\u00e9, etc.) et prenez un sac !<\/p>\n\n\n\n<h1 class=\"wp-block-heading\">La collecte<\/h1>\n\n\n\n<p>2 campagnes de collecte ont lieu chaque ann\u00e9e universitaire : Novembre-janvier &amp; avril-juin.<\/p>\n\n\n\n<p class=\"has-medium-font-size\"><strong>Printemps 2024 : collecte du mercredi 17 avril 2024 au vendredi 21 juin<\/strong> <strong>2024.<\/strong><\/p>\n\n\n\n<p>Des bo\u00eetes sont \u00e0 votre disposition pour d\u00e9poser vos dons dans les lieux suivants :<\/p>\n\n\n\n<ul class=\"wp-block-list\">\n<li>\u00e0 l&rsquo;accueil de la Pr\u00e9sidence l&rsquo;Universit\u00e9 d&rsquo;Angers (40 rue de Rennes)<\/li>\n\n\n\n<li>au bureau des Internationaux (la Passerelle, Campus Belle-Beille)<\/li>\n\n\n\n<li>\u00e0 l&rsquo;accueil de la facult\u00e9 des lettres, langues et sciences humaines (campus Belle-Beille)<\/li>\n\n\n\n<li>\u00e0 l&rsquo;accueil de la facult\u00e9 de droit, \u00e9conomie, gestion (Campus Saint-Serge)<\/li>\n\n\n\n<li>aux cit\u00e9s U \u00ab\u00a0Lakanal\u00a0\u00bb &amp; \u00ab\u00a0Belle-Beille\u00a0\u00bb<\/li>\n<\/ul>\n","protected":false},"excerpt":{"rendered":"<p>L\u2019Universit\u00e9 d\u2019Angers et le Crous ont mis en place un dispositif solidaire en vue de r\u00e9colter des objets du quotidien &hellip; <\/p>\n","protected":false},"author":3,"featured_media":0,"parent":252,"menu_order":3,"comment_status":"closed","ping_status":"closed","template":"","meta":{"inline_featured_image":false,"footnotes":""},"class_list":["post-82","page","type-page","status-publish","hentry"],"featured_image_src":null,"_links":{"self":[{"href":"https:\/\/blogcom.univ-angers.fr\/bienvenue\/wp-json\/wp\/v2\/pages\/82","targetHints":{"allow":["GET"]}}],"collection":[{"href":"https:\/\/blogcom.univ-angers.fr\/bienvenue\/wp-json\/wp\/v2\/pages"}],"about":[{"href":"https:\/\/blogcom.univ-angers.fr\/bienvenue\/wp-json\/wp\/v2\/types\/page"}],"author":[{"embeddable":true,"href":"https:\/\/blogcom.univ-angers.fr\/bienvenue\/wp-json\/wp\/v2\/users\/3"}],"replies":[{"embeddable":true,"href":"https:\/\/blogcom.univ-angers.fr\/bienvenue\/wp-json\/wp\/v2\/comments?post=82"}],"version-history":[{"count":27,"href":"https:\/\/blogcom.univ-angers.fr\/bienvenue\/wp-json\/wp\/v2\/pages\/82\/revisions"}],"predecessor-version":[{"id":4010,"href":"https:\/\/blogcom.univ-angers.fr\/bienvenue\/wp-json\/wp\/v2\/pages\/82\/revisions\/4010"}],"up":[{"embeddable":true,"href":"https:\/\/blogcom.univ-angers.fr\/bienvenue\/wp-json\/wp\/v2\/pages\/252"}],"wp:attachment":[{"href":"https:\/\/blogcom.univ-angers.fr\/bienvenue\/wp-json\/wp\/v2\/media?parent=82"}],"curies":[{"name":"wp","href":"https:\/\/api.w.org\/{rel}","templated":true}]}}