{"id":71,"date":"2022-04-27T18:52:45","date_gmt":"2022-04-27T16:52:45","guid":{"rendered":"https:\/\/blogcom.univ-angers.fr\/bienvenue\/?page_id=71"},"modified":"2023-07-03T16:01:26","modified_gmt":"2023-07-03T14:01:26","slug":"transport","status":"publish","type":"page","link":"https:\/\/blogcom.univ-angers.fr\/bienvenue\/fr\/vie-pratique\/transport\/","title":{"rendered":"Transport"},"content":{"rendered":"\n<div class=\"wp-block-columns is-layout-flex wp-container-core-columns-is-layout-9d6595d7 wp-block-columns-is-layout-flex\">\n<div class=\"wp-block-column is-layout-flow wp-block-column-is-layout-flow\" style=\"flex-basis:100%\">\n<p><strong>Une multitude de solutions existent pour vos d\u00e9placements, \u00e0 pied, \u00e0 2 ou 4 roues, voici la liste des moyens propos\u00e9s.<\/strong><\/p>\n\n\n\n<h2 class=\"wp-block-heading\">V\u00e9lo<\/h2>\n\n\n\n<p><a href=\"http:\/\/www.angers.fr\/index.php?id=58760\" target=\"_blank\" rel=\"noopener\">V\u00e9loCit\u00e9<\/a> permet aux Angevins d&#8217;emprunter gratuitement un v\u00e9lo pendant un an et de circuler librement, sans imp\u00e9ratif de stationnement.<\/p>\n\n\n\n<h2 class=\"wp-block-heading\">Bus et tram<\/h2>\n\n\n\n<p>Avec une quinzaine de lignes de bus et une ligne de tram, le r\u00e9seau de transports en commun <a href=\"https:\/\/www.irigo.fr\/index.php?\" target=\"_blank\" rel=\"noopener\">Irigo<\/a> vous permettra de vous d\u00e9placer dans toute la ville.<\/p>\n\n\n\n<h2 class=\"wp-block-heading\">Car<\/h2>\n\n\n\n<p>Le r\u00e9seau de transport r\u00e9gional <a href=\"https:\/\/aleop.paysdelaloire.fr\/maine-et-loire\" data-type=\"URL\" data-id=\"https:\/\/aleop.paysdelaloire.fr\/maine-et-loire\" target=\"_blank\" rel=\"noreferrer noopener\">Anjoubus<\/a> dessert un grand nombre de communes du Maine-et-Loire en car.<\/p>\n\n\n\n<h2 class=\"wp-block-heading\">Train<\/h2>\n\n\n\n<p>Pour tous vos d\u00e9placements, la SNCF propose des <a href=\"https:\/\/www.sncf.com\/fr\/offres-voyageurs\/cartes-tarifs-grandes-lignes\/eleves-apprentis\" target=\"_blank\" rel=\"noreferrer noopener\">forfaits pour les \u00e9tudiants.<\/a><\/p>\n\n\n\n<h2 class=\"wp-block-heading\">Covoiturage<\/h2>\n\n\n\n<p>\u00c9conomique et convivial, optez pour le covoiturage avec par exemple <a rel=\"noopener\" href=\"https:\/\/www.blablacar.fr\/\" target=\"_blank\">Blablacar<\/a> et <a href=\"https:\/\/www.klaxit.com\/\" data-type=\"URL\" data-id=\"https:\/\/www.klaxit.com\/\" target=\"_blank\" rel=\"noreferrer noopener\">Klaxit<\/a>.<\/p>\n\n\n\n<h2 class=\"wp-block-heading\">Multimodale<\/h2>\n\n\n\n<p><a href=\"https:\/\/www.destineo.fr\/fr\/\" target=\"_blank\" rel=\"noopener\">Destineo<\/a> est une plateforme qui vous permet d&rsquo;\u00e9laborer votre itin\u00e9raire en Pays de la Loire en combinant plusieurs moyens de transport et en calculant votre empreinte carbone. Alliant bus, train, v\u00e9lo et marche \u00e0 pied, vous trouverez toujours le moyen le plus simple pour vous rendre d&rsquo;un point \u00e0 l&rsquo;autre.<\/p>\n<\/div>\n<\/div>\n\n\n\n<div class=\"wp-block-columns is-layout-flex wp-container-core-columns-is-layout-9d6595d7 wp-block-columns-is-layout-flex\">\n<div class=\"wp-block-column is-layout-flow wp-block-column-is-layout-flow\" style=\"flex-basis:100%\">\n<div class=\"wp-block-group\"><div class=\"wp-block-group__inner-container is-layout-flow wp-block-group-is-layout-flow\">\n<div class=\"wp-block-columns has-background is-layout-flex wp-container-core-columns-is-layout-9d6595d7 wp-block-columns-is-layout-flex\" style=\"background-color:#e6e7e8\">\n<div class=\"wp-block-column is-layout-flow wp-block-column-is-layout-flow\" style=\"flex-basis:66.66%\">\n<h1>Plans<\/h1>\n<p>Rep\u00e9rez vous sur les campus gr\u00e2ce <a class=\"simple\" href=\"https:\/\/bienvenue.univ-angers.fr\/fr\/decouverte-de-lua\/locaux\/\">aux plans<\/a>.<\/p>\n<p>Les plans sont aussi disponibles dans<strong> l&rsquo;appli mobile UnivAngers<\/strong>, t\u00e9l\u00e9chargez-l\u00e0 sur les stores Google Play ou AppStore.<\/p>\n<\/div>\n\n\n\n<div class=\"wp-block-column is-layout-flow wp-block-column-is-layout-flow\" style=\"flex-basis:33.33%\">\n<figure class=\"wp-block-image size-full\"><img loading=\"lazy\" decoding=\"async\" width=\"251\" height=\"201\" src=\"http:\/\/blogcom.univ-angers.fr\/bienvenue\/wp-content\/uploads\/sites\/19\/2022\/05\/illu_site_marentree_transport.png\" alt=\"\" class=\"wp-image-525\"\/><\/figure>\n<\/div>\n<\/div>\n<\/div><\/div>\n<\/div>\n<\/div>\n\n\n\n<p><\/p>\n","protected":false},"excerpt":{"rendered":"<p>Une multitude de solutions existent pour vos d\u00e9placements, \u00e0 pied, \u00e0 2 ou 4 roues, voici la liste des moyens &hellip; <\/p>\n","protected":false},"author":3,"featured_media":0,"parent":252,"menu_order":1,"comment_status":"closed","ping_status":"closed","template":"","meta":{"inline_featured_image":false,"footnotes":""},"class_list":["post-71","page","type-page","status-publish","hentry"],"featured_image_src":null,"_links":{"self":[{"href":"https:\/\/blogcom.univ-angers.fr\/bienvenue\/wp-json\/wp\/v2\/pages\/71","targetHints":{"allow":["GET"]}}],"collection":[{"href":"https:\/\/blogcom.univ-angers.fr\/bienvenue\/wp-json\/wp\/v2\/pages"}],"about":[{"href":"https:\/\/blogcom.univ-angers.fr\/bienvenue\/wp-json\/wp\/v2\/types\/page"}],"author":[{"embeddable":true,"href":"https:\/\/blogcom.univ-angers.fr\/bienvenue\/wp-json\/wp\/v2\/users\/3"}],"replies":[{"embeddable":true,"href":"https:\/\/blogcom.univ-angers.fr\/bienvenue\/wp-json\/wp\/v2\/comments?post=71"}],"version-history":[{"count":32,"href":"https:\/\/blogcom.univ-angers.fr\/bienvenue\/wp-json\/wp\/v2\/pages\/71\/revisions"}],"predecessor-version":[{"id":3758,"href":"https:\/\/blogcom.univ-angers.fr\/bienvenue\/wp-json\/wp\/v2\/pages\/71\/revisions\/3758"}],"up":[{"embeddable":true,"href":"https:\/\/blogcom.univ-angers.fr\/bienvenue\/wp-json\/wp\/v2\/pages\/252"}],"wp:attachment":[{"href":"https:\/\/blogcom.univ-angers.fr\/bienvenue\/wp-json\/wp\/v2\/media?parent=71"}],"curies":[{"name":"wp","href":"https:\/\/api.w.org\/{rel}","templated":true}]}}