{"id":69,"date":"2022-04-27T18:52:26","date_gmt":"2022-04-27T16:52:26","guid":{"rendered":"https:\/\/blogcom.univ-angers.fr\/bienvenue\/?page_id=69"},"modified":"2022-05-18T18:21:24","modified_gmt":"2022-05-18T16:21:24","slug":"restauration","status":"publish","type":"page","link":"https:\/\/blogcom.univ-angers.fr\/bienvenue\/fr\/vie-pratique\/restauration\/","title":{"rendered":"Restauration"},"content":{"rendered":"\n<p><strong>Install\u00e9 sur les 3 campus angevins, le Crous g\u00e8re plusieurs restaurants et caf\u00e9t\u00e9rias universitaires pour les \u00e9tudiants et les personnels de l&rsquo;UA. Le paiement des repas s\u2019effectue avec la carte Pass Sup&rsquo; en validant son compte IZLY et en chargeant de l&rsquo;argent dessus.<\/strong><\/p>\n\n\n\n<p><a href=\"https:\/\/www.crous-nantes.fr\/restauration\/\" target=\"_blank\" rel=\"noopener\">Toutes les infos (horaires, tarifs, prestations) sur le site du Crous<\/a><\/p>\n\n\n\n<h1 class=\"wp-block-heading\">Campus Belle-Beille<\/h1>\n\n\n\n<ul class=\"wp-block-list\"><li><a href=\"https:\/\/www.crous-nantes.fr\/restaurant\/resto-u-belle-beille\/\" target=\"_blank\" rel=\"noopener\">RU Belle-beille<\/a> &#8211; 3 bd Lavoisier, 49000 Angers<\/li><li><a href=\"https:\/\/www.crous-nantes.fr\/restaurant\/cafet-escale\/\" target=\"_blank\" rel=\"noopener\">Caf\u00e9t\u00e9ria L&rsquo;Escale<\/a> &#8211; 3 bd Lavoisier, 49000 Angers<\/li><li><a href=\"https:\/\/www.crous-nantes.fr\/restaurant\/cafet-lettres-angers\/\" target=\"_blank\" rel=\"noopener\">Caf\u00e9t\u00e9ria Lettres<\/a> &#8211; 11 bd Lavoisier, 49000 Angers<\/li><\/ul>\n\n\n\n<h1 class=\"wp-block-heading\">Campus Saint-Serge<\/h1>\n\n\n\n<ul class=\"wp-block-list\"><li><a href=\"https:\/\/www.crous-nantes.fr\/restaurant\/resto-u-la-gabare\/\" target=\"_blank\" rel=\"noopener\">RU La Gabare<\/a> &#8211; 55 quai F\u00e9lix Faure, 49100 Angers<\/li><li><a href=\"https:\/\/www.crous-nantes.fr\/restaurant\/cafet-la-gabare\/\" target=\"_blank\" rel=\"noopener\">Caf\u00e9t\u00e9ria La Gabare<\/a> &#8211; 55 quai F\u00e9lix Faure, 49100 Angers<\/li><\/ul>\n\n\n\n<h1 class=\"wp-block-heading\">Campus Sant\u00e9<\/h1>\n\n\n\n<ul class=\"wp-block-list\"><li><a href=\"https:\/\/www.crous-nantes.fr\/restaurant\/cafet-ambroise-croizat\/\" target=\"_blank\" rel=\"noopener\">Caf\u00e9t\u00e9ria Ambroise Croizat<\/a> &#8211; 26 rue Roger Amsler, 49000 Angers<\/li><\/ul>\n\n\n\n<div class=\"wp-block-image\"><figure class=\"aligncenter\"><img loading=\"lazy\" decoding=\"async\" width=\"201\" height=\"201\" src=\"http:\/\/blogcom.univ-angers.fr\/bienvenue\/wp-content\/uploads\/sites\/19\/2022\/05\/illu_site_marentree_restauration.png\" alt=\"\" class=\"wp-image-535\" srcset=\"https:\/\/blogcom.univ-angers.fr\/bienvenue\/wp-content\/uploads\/sites\/19\/2022\/05\/illu_site_marentree_restauration.png 201w, https:\/\/blogcom.univ-angers.fr\/bienvenue\/wp-content\/uploads\/sites\/19\/2022\/05\/illu_site_marentree_restauration-150x150.png 150w, https:\/\/blogcom.univ-angers.fr\/bienvenue\/wp-content\/uploads\/sites\/19\/2022\/05\/illu_site_marentree_restauration-70x70.png 70w, https:\/\/blogcom.univ-angers.fr\/bienvenue\/wp-content\/uploads\/sites\/19\/2022\/05\/illu_site_marentree_restauration-125x125.png 125w\" sizes=\"auto, (max-width: 201px) 100vw, 201px\" \/><\/figure><\/div>\n","protected":false},"excerpt":{"rendered":"<p>Install\u00e9 sur les 3 campus angevins, le Crous g\u00e8re plusieurs restaurants et caf\u00e9t\u00e9rias universitaires pour les \u00e9tudiants et les personnels &hellip; <\/p>\n","protected":false},"author":3,"featured_media":0,"parent":252,"menu_order":2,"comment_status":"closed","ping_status":"closed","template":"","meta":{"inline_featured_image":false,"footnotes":""},"class_list":["post-69","page","type-page","status-publish","hentry"],"featured_image_src":null,"_links":{"self":[{"href":"https:\/\/blogcom.univ-angers.fr\/bienvenue\/wp-json\/wp\/v2\/pages\/69","targetHints":{"allow":["GET"]}}],"collection":[{"href":"https:\/\/blogcom.univ-angers.fr\/bienvenue\/wp-json\/wp\/v2\/pages"}],"about":[{"href":"https:\/\/blogcom.univ-angers.fr\/bienvenue\/wp-json\/wp\/v2\/types\/page"}],"author":[{"embeddable":true,"href":"https:\/\/blogcom.univ-angers.fr\/bienvenue\/wp-json\/wp\/v2\/users\/3"}],"replies":[{"embeddable":true,"href":"https:\/\/blogcom.univ-angers.fr\/bienvenue\/wp-json\/wp\/v2\/comments?post=69"}],"version-history":[{"count":5,"href":"https:\/\/blogcom.univ-angers.fr\/bienvenue\/wp-json\/wp\/v2\/pages\/69\/revisions"}],"predecessor-version":[{"id":1228,"href":"https:\/\/blogcom.univ-angers.fr\/bienvenue\/wp-json\/wp\/v2\/pages\/69\/revisions\/1228"}],"up":[{"embeddable":true,"href":"https:\/\/blogcom.univ-angers.fr\/bienvenue\/wp-json\/wp\/v2\/pages\/252"}],"wp:attachment":[{"href":"https:\/\/blogcom.univ-angers.fr\/bienvenue\/wp-json\/wp\/v2\/media?parent=69"}],"curies":[{"name":"wp","href":"https:\/\/api.w.org\/{rel}","templated":true}]}}