{"id":60,"date":"2022-04-27T18:51:07","date_gmt":"2022-04-27T16:51:07","guid":{"rendered":"https:\/\/blogcom.univ-angers.fr\/bienvenue\/?page_id=60"},"modified":"2023-10-20T12:40:02","modified_gmt":"2023-10-20T10:40:02","slug":"presentation-de-lua","status":"publish","type":"page","link":"https:\/\/blogcom.univ-angers.fr\/bienvenue\/fr\/decouverte-de-lua\/presentation-de-lua\/","title":{"rendered":"Pr\u00e9sentation de l&rsquo;UA"},"content":{"rendered":"<p>L&rsquo;Universit\u00e9 d&rsquo;Angers accueille plus de 25 000 \u00e9tudiant\u00b7e\u00b7s sur 3 campus angevins (Saint-Serge, Belle-Beille et Sant\u00e9) et sur 2 campus d\u00e9localis\u00e9s (Cholet et Saumur).<\/p>\n<h1>25 244 \u00e9tudiants<\/h1>\n\n\n<figure class=\"wp-block-image size-full\"><img loading=\"lazy\" decoding=\"async\" width=\"802\" height=\"324\" src=\"https:\/\/bienvenue.univ-angers.fr\/wp-content\/uploads\/sites\/19\/2023\/10\/Graphique-repartition-des-etudiants-2023-2024-v2.jpg\" alt=\"Graphique re\u0301partition des e\u0301tudiants \u00e0 l'UA 2023-2024\" class=\"wp-image-3883\" srcset=\"https:\/\/blogcom.univ-angers.fr\/bienvenue\/wp-content\/uploads\/sites\/19\/2023\/10\/Graphique-repartition-des-etudiants-2023-2024-v2.jpg 802w, https:\/\/blogcom.univ-angers.fr\/bienvenue\/wp-content\/uploads\/sites\/19\/2023\/10\/Graphique-repartition-des-etudiants-2023-2024-v2-300x121.jpg 300w, https:\/\/blogcom.univ-angers.fr\/bienvenue\/wp-content\/uploads\/sites\/19\/2023\/10\/Graphique-repartition-des-etudiants-2023-2024-v2-768x310.jpg 768w\" sizes=\"auto, (max-width: 802px) 100vw, 802px\" \/><\/figure>\n\n\n<h1 style=\"text-align: left\">La recherche \u00e0 l&rsquo;UA<\/h1>\n<ul>\n<li><strong>26<\/strong> unit\u00e9s de recherche<\/li>\n<li><strong>57<\/strong> familles de brevets actives<\/li>\n<li><strong>130<\/strong> nouveaux inscrits en th\u00e8se<\/li>\n<li><strong>92<\/strong> soutenances de th\u00e8ses par an\u00a0<\/li>\n<\/ul>\n<p>L&rsquo;UA dispose de 5 p\u00f4les de recherche sp\u00e9cialis\u00e9s dans :<\/p>\n<ul>\n<li>le v\u00e9g\u00e9tal et l&rsquo;environnement<\/li>\n<li>la sant\u00e9<\/li>\n<li>les mat\u00e9riaux<\/li>\n<li>les math-STIC<\/li>\n<li>les lettres, langues et sciences humaines et sociales<\/li>\n<\/ul>","protected":false},"excerpt":{"rendered":"<p>L&rsquo;Universit\u00e9 d&rsquo;Angers accueille plus de 25 000 \u00e9tudiant\u00b7e\u00b7s sur 3 campus angevins (Saint-Serge, Belle-Beille et Sant\u00e9) et sur 2 campus &hellip; <\/p>\n","protected":false},"author":3,"featured_media":0,"parent":245,"menu_order":0,"comment_status":"closed","ping_status":"closed","template":"","meta":{"inline_featured_image":false,"footnotes":""},"class_list":["post-60","page","type-page","status-publish","hentry"],"featured_image_src":null,"_links":{"self":[{"href":"https:\/\/blogcom.univ-angers.fr\/bienvenue\/wp-json\/wp\/v2\/pages\/60","targetHints":{"allow":["GET"]}}],"collection":[{"href":"https:\/\/blogcom.univ-angers.fr\/bienvenue\/wp-json\/wp\/v2\/pages"}],"about":[{"href":"https:\/\/blogcom.univ-angers.fr\/bienvenue\/wp-json\/wp\/v2\/types\/page"}],"author":[{"embeddable":true,"href":"https:\/\/blogcom.univ-angers.fr\/bienvenue\/wp-json\/wp\/v2\/users\/3"}],"replies":[{"embeddable":true,"href":"https:\/\/blogcom.univ-angers.fr\/bienvenue\/wp-json\/wp\/v2\/comments?post=60"}],"version-history":[{"count":15,"href":"https:\/\/blogcom.univ-angers.fr\/bienvenue\/wp-json\/wp\/v2\/pages\/60\/revisions"}],"predecessor-version":[{"id":3884,"href":"https:\/\/blogcom.univ-angers.fr\/bienvenue\/wp-json\/wp\/v2\/pages\/60\/revisions\/3884"}],"up":[{"embeddable":true,"href":"https:\/\/blogcom.univ-angers.fr\/bienvenue\/wp-json\/wp\/v2\/pages\/245"}],"wp:attachment":[{"href":"https:\/\/blogcom.univ-angers.fr\/bienvenue\/wp-json\/wp\/v2\/media?parent=60"}],"curies":[{"name":"wp","href":"https:\/\/api.w.org\/{rel}","templated":true}]}}