{"id":35,"date":"2022-04-27T18:36:41","date_gmt":"2022-04-27T16:36:41","guid":{"rendered":"https:\/\/blogcom.univ-angers.fr\/bienvenue\/?page_id=35"},"modified":"2023-05-12T12:39:41","modified_gmt":"2023-05-12T10:39:41","slug":"accueil","status":"publish","type":"page","link":"https:\/\/blogcom.univ-angers.fr\/bienvenue\/fr\/accueil\/","title":{"rendered":"Accueil"},"content":{"rendered":"\n<div style=\"height:20px\" aria-hidden=\"true\" class=\"wp-block-spacer\"><\/div>\n\n\n\n<figure class=\"wp-block-gallery has-nested-images columns-default wp-block-gallery-1 is-layout-flex wp-block-gallery-is-layout-flex\">\n<figure class=\"wp-block-image size-full\"><a href=\"https:\/\/bienvenue.univ-angers.fr\/fr\/services\/infocampus\/\"><img loading=\"lazy\" decoding=\"async\" width=\"201\" height=\"246\" data-id=\"2305\" src=\"http:\/\/blogcom.univ-angers.fr\/bienvenue\/wp-content\/uploads\/sites\/19\/2022\/06\/1_bouton_infocampus.png\" alt=\"Bouton pour acc\u00e9der \u00e0 la page &quot;Accueil Infocampus&quot;\" class=\"wp-image-2305\"\/><\/a><\/figure>\n\n\n\n<figure class=\"wp-block-image size-full\"><a href=\"https:\/\/bienvenue.univ-angers.fr\/fr\/inscriptions\/\"><img loading=\"lazy\" decoding=\"async\" width=\"201\" height=\"246\" data-id=\"2304\" src=\"http:\/\/blogcom.univ-angers.fr\/bienvenue\/wp-content\/uploads\/sites\/19\/2022\/06\/2_bouton_inscriptions.png\" alt=\"Bouton de la page d'accueil qui renvoie vers la page Inscriptions. \" class=\"wp-image-2304\"\/><\/a><\/figure>\n\n\n\n<figure class=\"wp-block-image size-full\"><a href=\"https:\/\/bienvenue.univ-angers.fr\/fr\/services\/etudiants-internationaux\/\"><img loading=\"lazy\" decoding=\"async\" width=\"201\" height=\"246\" data-id=\"2303\" src=\"http:\/\/blogcom.univ-angers.fr\/bienvenue\/wp-content\/uploads\/sites\/19\/2022\/06\/3_bouton_etudiants_internationaux.png\" alt=\"Bouton qui renvoie vers une page d\u00e9di\u00e9e aux \u00e9tudiants internationaux\" class=\"wp-image-2303\"\/><\/a><\/figure>\n\n\n\n<figure class=\"wp-block-image size-full\"><a href=\"https:\/\/bienvenue.univ-angers.fr\/fr\/ma-todo-list\/\"><img loading=\"lazy\" decoding=\"async\" width=\"201\" height=\"246\" data-id=\"2302\" src=\"http:\/\/blogcom.univ-angers.fr\/bienvenue\/wp-content\/uploads\/sites\/19\/2022\/06\/4_bouton_todo_list.png\" alt=\"Bouton qui renvoie vers une to do list pour r\u00e9ussir ses \u00e9tudes \" class=\"wp-image-2302\"\/><\/a><\/figure>\n\n\n\n<figure class=\"wp-block-image size-full\"><a href=\"https:\/\/bienvenue.univ-angers.fr\/fr\/decouverte-de-lua\/locaux\/\"><img loading=\"lazy\" decoding=\"async\" width=\"201\" height=\"246\" data-id=\"2301\" src=\"http:\/\/blogcom.univ-angers.fr\/bienvenue\/wp-content\/uploads\/sites\/19\/2022\/06\/5_bouton_visite_virtuelle.png\" alt=\"Bouton qui renvoie \u00e0 une page consacr\u00e9e aux visites virtuelles de tous les campus de l'UA \" class=\"wp-image-2301\"\/><\/a><\/figure>\n\n\n\n<figure class=\"wp-block-image size-full\"><a href=\"https:\/\/bienvenue.univ-angers.fr\/fr\/services\/infocampus\/\"><img loading=\"lazy\" decoding=\"async\" width=\"201\" height=\"246\" data-id=\"2300\" src=\"http:\/\/blogcom.univ-angers.fr\/bienvenue\/wp-content\/uploads\/sites\/19\/2022\/06\/6_bouton_questions.png\" alt=\"Bouton qui renvoie vers la page Infocampus \" class=\"wp-image-2300\"\/><\/a><\/figure>\n<\/figure>\n\n\n\n<p><\/p>\n","protected":false},"excerpt":{"rendered":"","protected":false},"author":3,"featured_media":0,"parent":0,"menu_order":0,"comment_status":"closed","ping_status":"closed","template":"template-home.php","meta":{"inline_featured_image":false,"footnotes":""},"class_list":["post-35","page","type-page","status-publish","hentry"],"featured_image_src":null,"_links":{"self":[{"href":"https:\/\/blogcom.univ-angers.fr\/bienvenue\/wp-json\/wp\/v2\/pages\/35","targetHints":{"allow":["GET"]}}],"collection":[{"href":"https:\/\/blogcom.univ-angers.fr\/bienvenue\/wp-json\/wp\/v2\/pages"}],"about":[{"href":"https:\/\/blogcom.univ-angers.fr\/bienvenue\/wp-json\/wp\/v2\/types\/page"}],"author":[{"embeddable":true,"href":"https:\/\/blogcom.univ-angers.fr\/bienvenue\/wp-json\/wp\/v2\/users\/3"}],"replies":[{"embeddable":true,"href":"https:\/\/blogcom.univ-angers.fr\/bienvenue\/wp-json\/wp\/v2\/comments?post=35"}],"version-history":[{"count":19,"href":"https:\/\/blogcom.univ-angers.fr\/bienvenue\/wp-json\/wp\/v2\/pages\/35\/revisions"}],"predecessor-version":[{"id":3271,"href":"https:\/\/blogcom.univ-angers.fr\/bienvenue\/wp-json\/wp\/v2\/pages\/35\/revisions\/3271"}],"wp:attachment":[{"href":"https:\/\/blogcom.univ-angers.fr\/bienvenue\/wp-json\/wp\/v2\/media?parent=35"}],"curies":[{"name":"wp","href":"https:\/\/api.w.org\/{rel}","templated":true}]}}