{"id":3275,"date":"2023-05-22T09:45:28","date_gmt":"2023-05-22T07:45:28","guid":{"rendered":"https:\/\/bienvenue.univ-angers.fr\/?page_id=3275"},"modified":"2023-06-05T14:49:36","modified_gmt":"2023-06-05T12:49:36","slug":"relais-handicap","status":"publish","type":"page","link":"https:\/\/blogcom.univ-angers.fr\/bienvenue\/fr\/relais-handicap\/","title":{"rendered":"Relais handicap"},"content":{"rendered":"\n<div class=\"wp-block-columns is-layout-flex wp-container-core-columns-is-layout-9d6595d7 wp-block-columns-is-layout-flex\">\n<div class=\"wp-block-column is-layout-flow wp-block-column-is-layout-flow\" style=\"flex-basis:66.66%\">\n<div class=\"wp-block-group\"><div class=\"wp-block-group__inner-container is-layout-constrained wp-block-group-is-layout-constrained\">\n<p><strong>Le Relais handicap accueille, informe et accompagne les \u00e9tudiant\u00b7es en situation de handicap tout au long de leur cursus \u00e0 l&rsquo;UA.<\/strong><\/p>\n\n\n\n<p>Quelle que soit votre situation, que votre handicap soit reconnu ou non par la MDA (<a href=\"https:\/\/www.mda.maine-et-loire.fr\/\" target=\"_blank\" rel=\"noreferrer noopener\">Maison d\u00e9partementale de l&rsquo;autonomie<\/a>) ou la MDPH (<a href=\"https:\/\/mdphenligne.cnsa.fr\/mdph\/49\" target=\"_blank\" rel=\"noreferrer noopener\">Maison d\u00e9partementale pour les personnes handicap\u00e9es<\/a>), vous pouvez b\u00e9n\u00e9ficier d&rsquo;un accompagnement par les services de l\u2019UA.<\/p>\n\n\n\n<h2 class=\"wp-block-heading\">Vous avez besoin d\u2019un accompagnement, de conseils ou d\u2019informations ?<\/h2>\n\n\n\n<p>Vous pouvez contacter \u00e0 votre convenance :<\/p>\n\n\n\n<p><strong>&#8211; Le Relais handicap<\/strong><\/p>\n\n\n\n<p>Situ\u00e9 sur le campus Belle-Beille, il est charg\u00e9 :<\/p>\n\n\n\n<ul class=\"wp-block-list\">\n<li>d\u2019accueillir, d\u2019informer et d\u2019accompagner les \u00e9tudiantes et \u00e9tudiants en situation de handicap tout au long de leur cursus,<\/li>\n\n\n\n<li>de mettre en \u0153uvre, de coordonner et d\u2019assurer le suivi des am\u00e9nagements d\u2019\u00e9tudes et d\u2019examens avec les diff\u00e9rents services de l\u2019universit\u00e9,<\/li>\n\n\n\n<li>d\u2019agir contre les discriminations, pour l\u2019\u00e9galit\u00e9 des chances et pour l\u2019inclusion.<\/li>\n<\/ul>\n\n\n\n<p>&#8211; <strong>Les charg\u00e9\u00b7es d\u2019accompagnement :<br><\/strong>Pr\u00e9sentes sur la plupart des campus, ces personnes accompagnent et soutiennent les \u00e9tudiantes et \u00e9tudiants qui ont des besoins sp\u00e9cifiques (en situation de handicap, en charge d\u2019une famille, pratiquant un sport de haut niveau&#8230;)<\/p>\n\n\n\n<h2 class=\"wp-block-heading\">Vous avez besoin d\u2019am\u00e9nagements d\u2019\u00e9tudes ou d\u2019examens ?<\/h2>\n\n\n\n<p>Pour le bon d\u00e9roulement de votre cursus, des mesures sp\u00e9cifiques peuvent \u00eatre mises en place :<\/p>\n\n\n\n<ul class=\"wp-block-list\">\n<li>aide \u00e0 la prise de notes,<\/li>\n\n\n\n<li>aide aux d\u00e9placements sur les campus,<\/li>\n\n\n\n<li>am\u00e9nagement de la dur\u00e9e des \u00e9tudes,<\/li>\n\n\n\n<li>am\u00e9nagement des conditions d\u2019examen (temps major\u00e9, secr\u00e9taire d\u2019examen, adaptation des supports, etc.),<\/li>\n\n\n\n<li>pr\u00eat d\u2019ordinateurs et mise \u00e0 disposition de logiciels sp\u00e9cifiques.<\/li>\n<\/ul>\n\n\n\n<h2 class=\"wp-block-heading\">Le service de sant\u00e9 universitaire<\/h2>\n\n\n\n<p>Situ\u00e9 sur le campus Belle-Beille, le <a href=\"https:\/\/bienvenue.univ-angers.fr\/fr\/services\/rv-medical-ou-social\/\" data-type=\"page\" data-id=\"111\">SSU <\/a>rassemble de nombreux sp\u00e9cialistes de la sant\u00e9 (en m\u00e9decine g\u00e9n\u00e9rale, psychologie, gyn\u00e9cologie&#8230;). C\u2019est lui qui prescrira ces am\u00e9nagements.<\/p>\n<\/div><\/div>\n<\/div>\n\n\n\n<div class=\"wp-block-column is-layout-flow wp-block-column-is-layout-flow\" style=\"flex-basis:33.33%\"><section id=\"block-4\" class=\"widget widget_block\">\n<div id=\"bloc-question\">\n<h1 class=\"widget-title\">Une question ?<\/h1>\n<a href=\"\/fr\/services\/infocampus\/\"><img loading=\"lazy\" decoding=\"async\" class=\"size-full wp-image-56 aligncenter\" src=\"\/wp-content\/uploads\/sites\/19\/2022\/06\/6_bouton_questions.png\" alt=\"Question r\u00e9ponse\" width=\"201\" height=\"246\" \/><\/a>\n\n<\/div>\n<\/section>\n\n\n<div class=\"wp-block-group beige is-vertical is-layout-flex wp-container-core-group-is-layout-8cf370e7 wp-block-group-is-layout-flex\">\n<h2 class=\"wp-block-heading\">Contacts<\/h2>\n\n\n\n<h3 class=\"wp-block-heading\">Relais handicap<\/h3>\n\n\n\n<p>La Passerelle, Campus Belle-Beille<br>2 rue Joseph Lakanal, Angers<br>Permanences sur RDV du lundi au vendredi, de 9h \u00e0 17h<br><a href=\"mailto:relais-handicap@univ-angers.fr\">relais-handicap@univ-angers.fr<\/a><br>T\u00e9l. 02 44 68 86 28<\/p>\n\n\n\n<h3 class=\"wp-block-heading\">Charg\u00e9\u00b7es d\u2019accompagnement<\/h3>\n\n\n\n<p>Trouvez la personne en charge de l&rsquo;accompagnement sur votre lieu d&rsquo;\u00e9tudes <a href=\"https:\/\/www.univ-angers.fr\/fr\/formations\/etre-accompagne-et-conseille\/reussite-des-etudes\/darre.html\">sur le site web de l&rsquo;UA.&nbsp;<\/a><\/p>\n\n\n\n<h3 class=\"wp-block-heading\">Service de sant\u00e9 universitaire (SSU)<\/h3>\n\n\n\n<p>La Passerelle, Campus Belle-Beille<br>2 rue Joseph Lakanal, Angers<br><a href=\"mailto:secretariat-ssu@univ-angers.fr\">secretariat-ssu@univ-angers.fr<\/a><\/p>\n\n\n\n<p>T\u00e9l. 02 41 22 69 10<\/p>\n<\/div>\n<\/div>\n<\/div>\n","protected":false},"excerpt":{"rendered":"<p>Le Relais handicap accueille, informe et accompagne les \u00e9tudiant\u00b7es en situation de handicap tout au long de leur cursus \u00e0 &hellip; <\/p>\n","protected":false},"author":28,"featured_media":0,"parent":0,"menu_order":0,"comment_status":"closed","ping_status":"closed","template":"","meta":{"inline_featured_image":false,"footnotes":""},"class_list":["post-3275","page","type-page","status-publish","hentry"],"featured_image_src":null,"_links":{"self":[{"href":"https:\/\/blogcom.univ-angers.fr\/bienvenue\/wp-json\/wp\/v2\/pages\/3275","targetHints":{"allow":["GET"]}}],"collection":[{"href":"https:\/\/blogcom.univ-angers.fr\/bienvenue\/wp-json\/wp\/v2\/pages"}],"about":[{"href":"https:\/\/blogcom.univ-angers.fr\/bienvenue\/wp-json\/wp\/v2\/types\/page"}],"author":[{"embeddable":true,"href":"https:\/\/blogcom.univ-angers.fr\/bienvenue\/wp-json\/wp\/v2\/users\/28"}],"replies":[{"embeddable":true,"href":"https:\/\/blogcom.univ-angers.fr\/bienvenue\/wp-json\/wp\/v2\/comments?post=3275"}],"version-history":[{"count":14,"href":"https:\/\/blogcom.univ-angers.fr\/bienvenue\/wp-json\/wp\/v2\/pages\/3275\/revisions"}],"predecessor-version":[{"id":3372,"href":"https:\/\/blogcom.univ-angers.fr\/bienvenue\/wp-json\/wp\/v2\/pages\/3275\/revisions\/3372"}],"wp:attachment":[{"href":"https:\/\/blogcom.univ-angers.fr\/bienvenue\/wp-json\/wp\/v2\/media?parent=3275"}],"curies":[{"name":"wp","href":"https:\/\/api.w.org\/{rel}","templated":true}]}}