{"id":1480,"date":"2022-05-24T16:08:42","date_gmt":"2022-05-24T14:08:42","guid":{"rendered":"https:\/\/blogcom.univ-angers.fr\/bienvenue\/?page_id=1480"},"modified":"2023-06-21T09:55:59","modified_gmt":"2023-06-21T07:55:59","slug":"inscription-des-etudiants-internationaux","status":"publish","type":"page","link":"https:\/\/blogcom.univ-angers.fr\/bienvenue\/fr\/inscriptions\/inscription-des-etudiants-internationaux\/","title":{"rendered":"Inscription des \u00e9tudiants internationaux"},"content":{"rendered":"\n<div class=\"wp-block-columns is-layout-flex wp-container-core-columns-is-layout-9d6595d7 wp-block-columns-is-layout-flex\">\n<div class=\"wp-block-column is-layout-flow wp-block-column-is-layout-flow\" style=\"flex-basis:66.66%\">\n<div class=\"wp-block-group\"><div class=\"wp-block-group__inner-container is-layout-flow wp-block-group-is-layout-flow\">\n<div class=\"wp-block-group carte\"><div class=\"wp-block-group__inner-container is-layout-flow wp-block-group-is-layout-flow\">\n<h2 class=\"wp-block-heading\">\u00c9tudiants d\u2019\u00e9change<\/h2>\n\n\n\n<ol class=\"wp-block-list\">\n<li>Allez au service scolarit\u00e9 de votre facult\u00e9 pour vous inscrire<\/li>\n\n\n\n<li>R\u00e9cup\u00e9rez votre certificat de scolarit\u00e9 et votre carte \u00e9tudiante<\/li>\n\n\n\n<li><a rel=\"noreferrer noopener\" href=\"https:\/\/pdr.univ-angers.fr\/bureau-des-internationaux\/\" target=\"_blank\">Prenez rendez-vous<\/a> au Bureau des internationaux si vous avez besoin d&rsquo;assistance ou pour r\u00e9cup\u00e9rer votre Welcome pack.<\/li>\n<\/ol>\n<\/div><\/div>\n\n\n\n<div style=\"height:30px\" aria-hidden=\"true\" class=\"wp-block-spacer\"><\/div>\n\n\n\n<div class=\"wp-block-group\"><div class=\"wp-block-group__inner-container is-layout-flow wp-block-group-is-layout-flow\">\n<div class=\"wp-block-group carte\"><div class=\"wp-block-group__inner-container is-layout-flow wp-block-group-is-layout-flow\">\n<div class=\"wp-block-group\"><div class=\"wp-block-group__inner-container is-layout-flow wp-block-group-is-layout-flow\">\n<h2 class=\"wp-block-heading\">\u00c9tudiants hors-\u00e9change<\/h2>\n\n\n\n<figure class=\"wp-block-table is-style-regular\"><table><tbody><tr><td>\u00c9tudiant international pass\u00e9 par Parcoursup<\/td><td><a href=\"https:\/\/bienvenue.univ-angers.fr\/fr\/inscriptions\/parcoursup\/\">Consultez la proc\u00e9dure d\u00e9di\u00e9e<\/a><\/td><\/tr><tr><td>\u00c9tudiant international pass\u00e9 par E-candidat<\/td><td><a href=\"https:\/\/bienvenue.univ-angers.fr\/fr\/inscriptions\/e-candidat\">Consultez la proc\u00e9dure d\u00e9di\u00e9e<\/a><\/td><\/tr><tr><td>\u00c9tudiant international pass\u00e9 par Mon Master<\/td><td>Consultez la proc\u00e9dure d\u00e9di\u00e9e <em>(\u00e0 venir prochainement)<\/em><\/td><\/tr><\/tbody><\/table><\/figure>\n\n\n\n<h3 class=\"wp-block-heading\">Pour les \u00e9tudiants issus de Campus France ou de DAP-Licence 1<\/h3>\n\n\n\n<p>Les \u00e9tudiants hors-\u00e9change doivent payer les frais d&rsquo;inscription universitaire ainsi que la CVEC (Contribution vie \u00e9tudiante et de campus). Cette contribution est destin\u00e9e \u00e0 favoriser l\u2019accueil et l\u2019accompagnement des \u00e9tudiants et elle est due chaque ann\u00e9e.<\/p>\n<\/div><\/div>\n\n\n\n<p><strong>Frais d&rsquo;inscription :<\/strong><\/p>\n\n\n\n<ul class=\"wp-block-list\">\n<li>Licence : 170 \u20ac<\/li>\n\n\n\n<li>Master : 243 \u20ac<\/li>\n\n\n\n<li>Dipl\u00f4me d&rsquo;ing\u00e9nieur : 601 \u20ac<\/li>\n\n\n\n<li>Doctorat : 380 \u20ac<\/li>\n<\/ul>\n\n\n\n<p><strong>CVEC 2023 : <\/strong>100 \u20ac<\/p>\n\n\n\n<p><strong>1. Payez la CVEC<\/strong><\/p>\n\n\n\n<ul class=\"wp-block-list\">\n<li>Pour payer votre CVEC, cr\u00e9ez votre compte sur : <a href=\"http:\/\/www.messervices.etudiant.gouv.fr\/envole\/enregistrement\" target=\"_blank\" rel=\"noreferrer noopener\">www.messervices.etudiant.gouv.fr\/envole\/enregistrement&nbsp;<\/a><\/li>\n\n\n\n<li>Payez la CVEC sur : <a href=\"https:\/\/cvec.etudiant.gouv.fr\/\" target=\"_blank\" rel=\"noreferrer noopener\">https:\/\/cvec.etudiant.gouv.fr<\/a> (\u00ab obtenir votre attestation \u00bb)<\/li>\n\n\n\n<li>Recevez votre attestation (par e-mail)<\/li>\n<\/ul>\n\n\n\n<p>Si vous devez demander un visa pour \u00e9tudier en France, ne r\u00e9glez la CVEC qu&rsquo;apr\u00e8s avoir obtenu votre visa.<\/p>\n\n\n\n<p><a rel=\"noreferrer noopener\" href=\"https:\/\/bienvenue.univ-angers.fr\/wp-content\/uploads\/sites\/19\/2023\/06\/CVEC_bilan2022.pdf\" target=\"_blank\">Consulter le bilan des actions financ\u00e9es en 2022 \u00e0 l&rsquo;Universit\u00e9 d&rsquo;Angers<\/a><\/p>\n\n\n\n<p><strong>2. Inscrivez-vous \u00e0 la facult\u00e9<\/strong><\/p>\n\n\n\n<ul class=\"wp-block-list\">\n<li>Allez au <strong>service scolarit\u00e9<\/strong> de votre facult\u00e9 et pr\u00e9sentez votre attestation de CVEC au moment de votre inscription administrative<\/li>\n\n\n\n<li>R\u00e9cup\u00e9rez votre certificat de scolarit\u00e9 et votre carte \u00e9tudiante<\/li>\n<\/ul>\n\n\n\n<p>3<strong>. Prenez rendez-vous au Bureau des internationaux<\/strong><\/p>\n\n\n\n<p><a rel=\"noreferrer noopener\" href=\"https:\/\/pdr.univ-angers.fr\/bureau-des-internationaux\/\" target=\"_blank\">Prenez rendez-vous<\/a> si vous avez besoin d&rsquo;assistance ou pour r\u00e9cup\u00e9rer votre Welcome pack.<\/p>\n<\/div><\/div>\n<\/div><\/div>\n<\/div><\/div>\n<\/div>\n\n\n\n<div class=\"wp-block-column is-layout-flow wp-block-column-is-layout-flow\" style=\"flex-basis:33.33%\">\n<div class=\"wp-block-group bleu\"><div class=\"wp-block-group__inner-container is-layout-flow wp-block-group-is-layout-flow\">\n<div class=\"wp-block-group\"><div class=\"wp-block-group__inner-container is-layout-flow wp-block-group-is-layout-flow\">\n<h1 class=\"wp-block-heading\">Carte \u00e9tudiant Pass Sup<\/h1>\n\n\n\n<p>La carte multi-services Pass\u2019Sup est votre carte \u00e9tudiante.<\/p>\n\n\n\n<p>Elle vous permet :<\/p>\n\n\n\n<ul class=\"wp-block-list\">\n<li>&nbsp;de justifier de votre statut (ex : justificatif d\u2019identit\u00e9 aux examens),<\/li>\n\n\n\n<li>&nbsp;d\u2019emprunter des documents \u00e0 la BU,<\/li>\n\n\n\n<li>&nbsp;de disposer de 2 porte-monnaie \u00e9lectroniques pour manger au RU et imprimer des documents \u00e0 la BU,<\/li>\n\n\n\n<li>&nbsp;de vous inscrire aux activit\u00e9s sportives, de b\u00e9n\u00e9ficier de tarifs \u00e9tudiants pour les spectacles propos\u00e9s par la Direction de la culture et des initiatives.<\/li>\n<\/ul>\n\n\n\n<p><\/p>\n<\/div><\/div>\n<\/div><\/div>\n\n\n\n<div style=\"height:30px\" aria-hidden=\"true\" class=\"wp-block-spacer\"><\/div>\n\n\n\n<div class=\"wp-block-group beige\"><div class=\"wp-block-group__inner-container is-layout-flow wp-block-group-is-layout-flow\">\n<h1 class=\"wp-block-heading\">Bureau des Internationaux<\/h1>\n\n\n\n<p>Le Bureau des Internationaux vous accueille et vous conseille avant et pendant toute la dur\u00e9e de votre s\u00e9jour. B\u00e9n\u00e9ficiez d&rsquo;un accueil individualis\u00e9, d&rsquo;un accompagnement dans vos d\u00e9marches : cours de fran\u00e7ais, visa, assurance sant\u00e9, vie \u00e0 l&rsquo;UA\u2026 <\/p>\n<\/div><\/div>\n\n\n\n<div style=\"height:30px\" aria-hidden=\"true\" class=\"wp-block-spacer\"><\/div>\n\n\n<section id=\"block-4\" class=\"widget widget_block\">\n<div id=\"bloc-question\">\n<h1 class=\"widget-title\">Une question ?<\/h1>\n<a href=\"\/fr\/services\/infocampus\/\"><img loading=\"lazy\" decoding=\"async\" class=\"size-full wp-image-56 aligncenter\" src=\"\/wp-content\/uploads\/sites\/19\/2022\/06\/6_bouton_questions.png\" alt=\"Question r\u00e9ponse\" width=\"201\" height=\"246\" \/><\/a>\n\n<\/div>\n<\/section><\/div>\n<\/div>\n","protected":false},"excerpt":{"rendered":"<p>\u00c9tudiants d\u2019\u00e9change \u00c9tudiants hors-\u00e9change \u00c9tudiant international pass\u00e9 par Parcoursup Consultez la proc\u00e9dure d\u00e9di\u00e9e \u00c9tudiant international pass\u00e9 par E-candidat Consultez la &hellip; <\/p>\n","protected":false},"author":3,"featured_media":0,"parent":1429,"menu_order":0,"comment_status":"closed","ping_status":"closed","template":"","meta":{"inline_featured_image":false,"footnotes":""},"class_list":["post-1480","page","type-page","status-publish","hentry"],"featured_image_src":null,"_links":{"self":[{"href":"https:\/\/blogcom.univ-angers.fr\/bienvenue\/wp-json\/wp\/v2\/pages\/1480","targetHints":{"allow":["GET"]}}],"collection":[{"href":"https:\/\/blogcom.univ-angers.fr\/bienvenue\/wp-json\/wp\/v2\/pages"}],"about":[{"href":"https:\/\/blogcom.univ-angers.fr\/bienvenue\/wp-json\/wp\/v2\/types\/page"}],"author":[{"embeddable":true,"href":"https:\/\/blogcom.univ-angers.fr\/bienvenue\/wp-json\/wp\/v2\/users\/3"}],"replies":[{"embeddable":true,"href":"https:\/\/blogcom.univ-angers.fr\/bienvenue\/wp-json\/wp\/v2\/comments?post=1480"}],"version-history":[{"count":32,"href":"https:\/\/blogcom.univ-angers.fr\/bienvenue\/wp-json\/wp\/v2\/pages\/1480\/revisions"}],"predecessor-version":[{"id":3616,"href":"https:\/\/blogcom.univ-angers.fr\/bienvenue\/wp-json\/wp\/v2\/pages\/1480\/revisions\/3616"}],"up":[{"embeddable":true,"href":"https:\/\/blogcom.univ-angers.fr\/bienvenue\/wp-json\/wp\/v2\/pages\/1429"}],"wp:attachment":[{"href":"https:\/\/blogcom.univ-angers.fr\/bienvenue\/wp-json\/wp\/v2\/media?parent=1480"}],"curies":[{"name":"wp","href":"https:\/\/api.w.org\/{rel}","templated":true}]}}