{"id":111,"date":"2022-04-27T18:58:06","date_gmt":"2022-04-27T16:58:06","guid":{"rendered":"https:\/\/blogcom.univ-angers.fr\/bienvenue\/?page_id=111"},"modified":"2023-05-22T14:49:25","modified_gmt":"2023-05-22T12:49:25","slug":"rv-medical-ou-social","status":"publish","type":"page","link":"https:\/\/blogcom.univ-angers.fr\/bienvenue\/fr\/services\/rv-medical-ou-social\/","title":{"rendered":"Sant\u00e9 et social"},"content":{"rendered":"\n<div class=\"wp-block-columns is-layout-flex wp-container-core-columns-is-layout-9d6595d7 wp-block-columns-is-layout-flex\">\n<div class=\"wp-block-column is-layout-flow wp-block-column-is-layout-flow\" style=\"flex-basis:66.66%\">\n<h1 class=\"wp-block-heading\">RV m\u00e9dical ou social<\/h1>\n\n\n\n<p><strong>Le SSU est un service commun de l&rsquo;Universit\u00e9 d&rsquo;Angers ouvert \u00e0 toute la communaut\u00e9 \u00e9tudiante. M\u00e9decins, infirmi\u00e8res, psychologues et assistants sociaux vous re\u00e7oivent gratuitement \u00e0 Angers (Belle-Beille) et Cholet.<\/strong><\/p>\n\n\n<div class=\"wp-block-image\">\n<figure class=\"alignright size-full\"><img loading=\"lazy\" decoding=\"async\" width=\"201\" height=\"201\" src=\"http:\/\/blogcom.univ-angers.fr\/bienvenue\/wp-content\/uploads\/sites\/19\/2022\/05\/illu_site_marentree_sumpps.png\" alt=\"\" class=\"wp-image-537\" srcset=\"https:\/\/blogcom.univ-angers.fr\/bienvenue\/wp-content\/uploads\/sites\/19\/2022\/05\/illu_site_marentree_sumpps.png 201w, https:\/\/blogcom.univ-angers.fr\/bienvenue\/wp-content\/uploads\/sites\/19\/2022\/05\/illu_site_marentree_sumpps-150x150.png 150w, https:\/\/blogcom.univ-angers.fr\/bienvenue\/wp-content\/uploads\/sites\/19\/2022\/05\/illu_site_marentree_sumpps-70x70.png 70w, https:\/\/blogcom.univ-angers.fr\/bienvenue\/wp-content\/uploads\/sites\/19\/2022\/05\/illu_site_marentree_sumpps-125x125.png 125w\" sizes=\"auto, (max-width: 201px) 100vw, 201px\" \/><\/figure>\n<\/div>\n\n\n<p>Vous avez la possibilit\u00e9 de prendre rendez-vous par t\u00e9l\u00e9phone, mail ou directement via l&rsquo;application du SSU.<\/p>\n\n\n\n<ul class=\"wp-block-list\">\n<li>Prendre RV en ligne : <a rel=\"noreferrer noopener\" href=\"https:\/\/rdv-sumpps.univ-angers.fr\/\" target=\"_blank\">https:\/\/rdv-sumpps.univ-angers.fr\/<\/a> <\/li>\n\n\n\n<li>Ou par mail : <a rel=\"noreferrer noopener\" href=\"mailto:secretariat-ssu@univ-angers.fr\" target=\"_blank\">secretariat-ssu@univ-angers.fr<\/a> <\/li>\n\n\n\n<li>Ou par t\u00e9l\u00e9phone :<br>Accueil SSU : 02 41 22 69 10<br>Service social : 02 41 22 69 10 <br>Antenne Cholet : 02 41 22 69 00<\/li>\n<\/ul>\n\n\n\n<p><a rel=\"noreferrer noopener\" href=\"https:\/\/www.univ-angers.fr\/fr\/vie-des-campus\/sante-et-social.html\" target=\"_blank\">En savoir plus sur le SSU<\/a> | <a href=\"https:\/\/bienvenue.univ-angers.fr\/fr\/assurance-sante\/\">En savoir plus sur l&rsquo;assurance sant\u00e9<\/a><\/p>\n\n\n\n<p><\/p>\n\n\n\n<figure class=\"wp-block-table is-style-regular\"><table><tbody><tr><td><strong>Site Angers Belle-Beille<\/strong><\/td><td>Bilans de sant\u00e9<br>Consultations de m\u00e9decine g\u00e9n\u00e9rale<br>Consultations de psychologie, psychiatrie, di\u00e9t\u00e9tique, gyn\u00e9cologie (centre de planification).<\/td><\/tr><tr><td><strong>Site Cholet<\/strong><\/td><td>Consultations de m\u00e9decine g\u00e9n\u00e9rale<br>Consultations de psychologie<br>Service social par t\u00e9l\u00e9phone ou avec les permanences (<a rel=\"noopener\" href=\"https:\/\/www.univ-angers.fr\/fr\/acces-directs\/facultes-et-instituts\/campus-de-cholet\/vie-etudiante\/sante.html\" target=\"_blank\">\u00e0 consulter ici<\/a>)<\/td><\/tr><\/tbody><\/table><\/figure>\n\n\n<div class=\"wp-block-image\">\n<figure class=\"aligncenter\"><a href=\"https:\/\/rdv-sumpps.univ-angers.fr\/\" rel=\"noopener\"><img loading=\"lazy\" decoding=\"async\" width=\"300\" height=\"63\" src=\"http:\/\/blogcom.univ-angers.fr\/bienvenue\/wp-content\/uploads\/sites\/19\/2022\/05\/bouton_Rdv_sante-300x63.png\" alt=\"Bouton : rendez-vous en ligne\" class=\"wp-image-543\" srcset=\"https:\/\/blogcom.univ-angers.fr\/bienvenue\/wp-content\/uploads\/sites\/19\/2022\/05\/bouton_Rdv_sante-300x63.png 300w, https:\/\/blogcom.univ-angers.fr\/bienvenue\/wp-content\/uploads\/sites\/19\/2022\/05\/bouton_Rdv_sante.png 513w\" sizes=\"auto, (max-width: 300px) 100vw, 300px\" \/><\/a><\/figure>\n<\/div><\/div>\n\n\n\n<div class=\"wp-block-column is-layout-flow wp-block-column-is-layout-flow\" style=\"flex-basis:33.33%\"><section id=\"block-4\" class=\"widget widget_block\">\n<div id=\"bloc-question\">\n<h1 class=\"widget-title\">Une question ?<\/h1>\n<a href=\"\/fr\/services\/infocampus\/\"><img loading=\"lazy\" decoding=\"async\" class=\"size-full wp-image-56 aligncenter\" src=\"\/wp-content\/uploads\/sites\/19\/2022\/06\/6_bouton_questions.png\" alt=\"Question r\u00e9ponse\" width=\"201\" height=\"246\" \/><\/a>\n\n<\/div>\n<\/section><\/div>\n<\/div>\n\n\n\n<div class=\"wp-block-group questions-theme\"><div class=\"wp-block-group__inner-container is-layout-flow wp-block-group-is-layout-flow\">\n<figure class=\"wp-block-embed is-type-video is-provider-youtube wp-block-embed-youtube wp-embed-aspect-16-9 wp-has-aspect-ratio\"><div class=\"wp-block-embed__wrapper\">\n<iframe loading=\"lazy\" title=\"Dr Florence Hartheiser vous pr\u00e9sente le SSU\" width=\"750\" height=\"422\" src=\"https:\/\/www.youtube.com\/embed\/6Lx1PUf2RRY?feature=oembed\" frameborder=\"0\" allow=\"accelerometer; autoplay; clipboard-write; encrypted-media; gyroscope; picture-in-picture; web-share\" allowfullscreen><\/iframe>\n<\/div><\/figure>\n<\/div><\/div>\n","protected":false},"excerpt":{"rendered":"<p>RV m\u00e9dical ou social Le SSU est un service commun de l&rsquo;Universit\u00e9 d&rsquo;Angers ouvert \u00e0 toute la communaut\u00e9 \u00e9tudiante. M\u00e9decins, &hellip; <\/p>\n","protected":false},"author":3,"featured_media":0,"parent":260,"menu_order":5,"comment_status":"closed","ping_status":"closed","template":"","meta":{"inline_featured_image":false,"footnotes":""},"class_list":["post-111","page","type-page","status-publish","hentry"],"featured_image_src":null,"_links":{"self":[{"href":"https:\/\/blogcom.univ-angers.fr\/bienvenue\/wp-json\/wp\/v2\/pages\/111","targetHints":{"allow":["GET"]}}],"collection":[{"href":"https:\/\/blogcom.univ-angers.fr\/bienvenue\/wp-json\/wp\/v2\/pages"}],"about":[{"href":"https:\/\/blogcom.univ-angers.fr\/bienvenue\/wp-json\/wp\/v2\/types\/page"}],"author":[{"embeddable":true,"href":"https:\/\/blogcom.univ-angers.fr\/bienvenue\/wp-json\/wp\/v2\/users\/3"}],"replies":[{"embeddable":true,"href":"https:\/\/blogcom.univ-angers.fr\/bienvenue\/wp-json\/wp\/v2\/comments?post=111"}],"version-history":[{"count":47,"href":"https:\/\/blogcom.univ-angers.fr\/bienvenue\/wp-json\/wp\/v2\/pages\/111\/revisions"}],"predecessor-version":[{"id":3299,"href":"https:\/\/blogcom.univ-angers.fr\/bienvenue\/wp-json\/wp\/v2\/pages\/111\/revisions\/3299"}],"up":[{"embeddable":true,"href":"https:\/\/blogcom.univ-angers.fr\/bienvenue\/wp-json\/wp\/v2\/pages\/260"}],"wp:attachment":[{"href":"https:\/\/blogcom.univ-angers.fr\/bienvenue\/wp-json\/wp\/v2\/media?parent=111"}],"curies":[{"name":"wp","href":"https:\/\/api.w.org\/{rel}","templated":true}]}}