{"id":109,"date":"2022-04-27T18:57:57","date_gmt":"2022-04-27T16:57:57","guid":{"rendered":"https:\/\/blogcom.univ-angers.fr\/bienvenue\/?page_id=109"},"modified":"2023-06-20T11:00:47","modified_gmt":"2023-06-20T09:00:47","slug":"rendez-vous-orientation","status":"publish","type":"page","link":"https:\/\/blogcom.univ-angers.fr\/bienvenue\/fr\/services\/rendez-vous-orientation\/","title":{"rendered":"Rendez-vous orientation"},"content":{"rendered":"\n<p><strong>De la construction de votre projet \u00e0 votre insertion, des professionnels vous accompagnent. L&rsquo;\u00e9quipe du SUIO-IP vous guide dans votre r\u00e9flexion et vos d\u00e9marches pour trouver votre voie.<\/strong><\/p>\n\n\n<div class=\"wp-block-image\">\n<figure class=\"alignright size-full\"><img loading=\"lazy\" decoding=\"async\" width=\"201\" height=\"201\" src=\"http:\/\/blogcom.univ-angers.fr\/bienvenue\/wp-content\/uploads\/sites\/19\/2022\/05\/illu_site_marentree_suio.png\" alt=\"\" class=\"wp-image-526\" srcset=\"https:\/\/blogcom.univ-angers.fr\/bienvenue\/wp-content\/uploads\/sites\/19\/2022\/05\/illu_site_marentree_suio.png 201w, https:\/\/blogcom.univ-angers.fr\/bienvenue\/wp-content\/uploads\/sites\/19\/2022\/05\/illu_site_marentree_suio-150x150.png 150w, https:\/\/blogcom.univ-angers.fr\/bienvenue\/wp-content\/uploads\/sites\/19\/2022\/05\/illu_site_marentree_suio-70x70.png 70w, https:\/\/blogcom.univ-angers.fr\/bienvenue\/wp-content\/uploads\/sites\/19\/2022\/05\/illu_site_marentree_suio-125x125.png 125w\" sizes=\"auto, (max-width: 201px) 100vw, 201px\" \/><\/figure>\n<\/div>\n\n\n<p><a href=\"https:\/\/www.univ-angers.fr\/fr\/formations\/etre-accompagne-et-conseille\/orientation-et-reorientation\/rendez-vous-individuels.html\">Prendre rendez-vous<\/a><\/p>\n\n\n\n<ul class=\"wp-block-list\">\n<li>Pour faire le point sur votre projet ou votre choix d&rsquo;\u00e9tude<\/li>\n\n\n\n<li>Pour vous informer sur les m\u00e9tiers, formations, proc\u00e9dures d&rsquo;inscription<\/li>\n\n\n\n<li>Pour envisager au plus vite une r\u00e9orientation si vous constatez que votre choix de fili\u00e8re n&rsquo;est pas le bon<\/li>\n<\/ul>\n\n\n\n<p><a rel=\"noopener\" href=\"https:\/\/www.univ-angers.fr\/fr\/formations\/etre-accompagne-et-conseille\/orientation-et-reorientation.html\" target=\"_blank\">Plus d&rsquo;infos sur le site de l&rsquo;UA<\/a><\/p>\n\n\n\n<h1 class=\"wp-block-heading\">Les \u00ab\u00a0pr\u00e9pa Rebond&rsquo;Sup\u00a0\u00bb<\/h1>\n\n\n\n<p>L\u2019universit\u00e9 d\u2019Angers propose aussi aux \u00e9tudiants de 1\u00e8re, 2\u00e8me&nbsp;ou 3\u00e8me&nbsp;ann\u00e9e \u00e0 l\u2019universit\u00e9 des \u00ab&nbsp;pr\u00e9pa Rebond\u2019Sup&nbsp;\u00bb sept fois dans l\u2019ann\u00e9e, d\u2019octobre \u00e0 mars. Au programme, deux ou trois jours d\u2019ateliers, d\u2019\u00e9changes et de r\u00e9flexions avec des professionnels de l\u2019orientation et d\u2019autres \u00e9tudiants qui se questionnent sur leur avenir pour retrouver la motivation et redonner du sens \u00e0 leur projet&nbsp;!<\/p>\n\n\n\n<p>Dates et inscriptions en ligne.<br><a rel=\"noreferrer noopener\" href=\"https:\/\/www.univ-angers.fr\/fr\/formations\/etre-accompagne-et-conseille\/orientation-et-reorientation.html\" target=\"_blank\">En savoir plus sur le site de l\u2019UA<\/a><\/p>\n\n\n\n<h1 class=\"wp-block-heading\">Entrepreneuriat<\/h1>\n\n\n\n<p>Entreprendre \u00e0 l&rsquo;UA ? C&rsquo;est possible ! <a rel=\"noopener\" href=\"https:\/\/www.univ-angers.fr\/fr\/formations\/competences-supplementaires\/entrepreneuriat.html\" target=\"_blank\">Retrouvez les diff\u00e9rents dispositifs et rencontres possibles sur le site de l&rsquo;UA<\/a>.<\/p>\n","protected":false},"excerpt":{"rendered":"<p>De la construction de votre projet \u00e0 votre insertion, des professionnels vous accompagnent. L&rsquo;\u00e9quipe du SUIO-IP vous guide dans votre &hellip; <\/p>\n","protected":false},"author":3,"featured_media":0,"parent":260,"menu_order":4,"comment_status":"closed","ping_status":"closed","template":"","meta":{"inline_featured_image":false,"footnotes":""},"class_list":["post-109","page","type-page","status-publish","hentry"],"featured_image_src":null,"_links":{"self":[{"href":"https:\/\/blogcom.univ-angers.fr\/bienvenue\/wp-json\/wp\/v2\/pages\/109","targetHints":{"allow":["GET"]}}],"collection":[{"href":"https:\/\/blogcom.univ-angers.fr\/bienvenue\/wp-json\/wp\/v2\/pages"}],"about":[{"href":"https:\/\/blogcom.univ-angers.fr\/bienvenue\/wp-json\/wp\/v2\/types\/page"}],"author":[{"embeddable":true,"href":"https:\/\/blogcom.univ-angers.fr\/bienvenue\/wp-json\/wp\/v2\/users\/3"}],"replies":[{"embeddable":true,"href":"https:\/\/blogcom.univ-angers.fr\/bienvenue\/wp-json\/wp\/v2\/comments?post=109"}],"version-history":[{"count":14,"href":"https:\/\/blogcom.univ-angers.fr\/bienvenue\/wp-json\/wp\/v2\/pages\/109\/revisions"}],"predecessor-version":[{"id":3560,"href":"https:\/\/blogcom.univ-angers.fr\/bienvenue\/wp-json\/wp\/v2\/pages\/109\/revisions\/3560"}],"up":[{"embeddable":true,"href":"https:\/\/blogcom.univ-angers.fr\/bienvenue\/wp-json\/wp\/v2\/pages\/260"}],"wp:attachment":[{"href":"https:\/\/blogcom.univ-angers.fr\/bienvenue\/wp-json\/wp\/v2\/media?parent=109"}],"curies":[{"name":"wp","href":"https:\/\/api.w.org\/{rel}","templated":true}]}}