{"id":107,"date":"2022-04-27T18:57:43","date_gmt":"2022-04-27T16:57:43","guid":{"rendered":"https:\/\/blogcom.univ-angers.fr\/bienvenue\/?page_id=107"},"modified":"2023-09-15T09:49:47","modified_gmt":"2023-09-15T07:49:47","slug":"aide-a-la-reussite","status":"publish","type":"page","link":"https:\/\/blogcom.univ-angers.fr\/bienvenue\/fr\/services\/aide-a-la-reussite\/","title":{"rendered":"Dispositif d&rsquo;accompagnement"},"content":{"rendered":"\n<p>\u00catre accompagn\u00e9\u00b7e pour mieux r\u00e9ussir!<\/p>\n\n\n\n<p>Depuis la rentr\u00e9e 2016, l\u2019Universit\u00e9 d\u2019Angers a mis en place un dispositif d\u2019accompagnement \u00e0 la r\u00e9ussite et \u00e0 la r\u00e9orientation. Ce dispositif facilite la transition entre le lyc\u00e9e et l&rsquo;universit\u00e9. Il est accessible \u00e0 toutes et tous et notamment aux \u00e9tudiant\u00b7es ayant des besoins sp\u00e9cifiques.  <\/p>\n\n\n\n<h2 class=\"wp-block-heading\">Les services propos\u00e9s<\/h2>\n\n\n\n<ul class=\"wp-block-list\">\n<li>Des entretiens individuels r\u00e9guliers par le ou la charg\u00e9\u00b7e d\u2019accompagnement, pour faire le point sur la vie universitaire et personnelle de l\u2019\u00e9tudiant\u00b7e et les \u00e9ventuelles difficult\u00e9s personnelles<\/li>\n\n\n\n<li>Un accompagnement m\u00e9thodologique, en s\u00e9ance collective ou en individuel, pour gagner en efficacit\u00e9 dans le travail universitaire sur des th\u00e9matiques vari\u00e9es (gestion du temps, organisation, motivation, pr\u00e9paration aux examens, etc.)<\/li>\n\n\n\n<li>Du tutorat disciplinaire \u00e0 l\u2019ann\u00e9e par les \u00e9tudiants de L2, L3 et\/ou de master (soutien r\u00e9gulier sur des enseignements cibl\u00e9s)<\/li>\n\n\n\n<li>Des stages ponctuels de r\u00e9vision pour se pr\u00e9parer aux examens<\/li>\n<\/ul>\n\n\n\n<h2 class=\"wp-block-heading\">Pour qui ?<\/h2>\n\n\n\n<ul class=\"wp-block-list\">\n<li>Les \u00e9tudiant\u00b7es acceptant un \u00ab oui si \u00bb dans la formation de votre choix apr\u00e8s inscription sur Parcoursup<\/li>\n\n\n\n<li>Les \u00e9tudiant\u00b7es volontaires<\/li>\n\n\n\n<li>Les \u00e9tudiant\u00b7es aux besoins sp\u00e9cifiques b\u00e9n\u00e9ficiant d\u2019un r\u00e9gime sp\u00e9cial d\u2019\u00e9tudes (\u00e9trangers hors \u00e9changes, en r\u00e9orientation, \u00e9change\u2026)<\/li>\n\n\n\n<li>Les \u00e9tudiant\u00b7es acceptant un accompagnement apr\u00e8s la p\u00e9riode de tests propos\u00e9e \u00e0 la rentr\u00e9e par les \u00e9quipes p\u00e9dagogiques.<\/li>\n<\/ul>\n\n\n\n<p><\/p>\n\n\n\n<h1 class=\"wp-block-heading\">Contacts<\/h1>\n\n\n\n<figure class=\"wp-block-table is-style-stripes\"><table><tbody><tr><td>Facult\u00e9 de droit, d&rsquo;\u00e9conomie et de gestion<\/td><td><a rel=\"noreferrer noopener\" href=\"mailto:accompagnement.deg@univ-angers.fr\" target=\"_blank\">accompagnement.deg@univ-angers.fr<\/a><\/td><\/tr><tr><td>Esthua, Facult\u00e9 de tourisme, culture et hospitalit\u00e9 <br>(Campus Angers et Saumur)<\/td><td><a rel=\"noreferrer noopener\" href=\"mailto:accompagnement.esthua@univ-angers.fr\" target=\"_blank\">accompagnement.esthua@univ-angers.fr<\/a><\/td><\/tr><tr><td>Facult\u00e9 de lettres, langues et sciences humaines<\/td><td><a rel=\"noreferrer noopener\" href=\"mailto:accompagnement.llsh@univ-angers.fr\" target=\"_blank\">accompagnement.llsh@univ-angers.fr<\/a><\/td><\/tr><tr><td>Facult\u00e9 de sant\u00e9<\/td><td><a rel=\"noreferrer noopener\" href=\"mailto:accompagnement.sante@univ-angers.fr\" target=\"_blank\">accompagnement.sante@univ-angers.fr<\/a><\/td><\/tr><tr><td>IUT<\/td><td><a rel=\"noreferrer noopener\" href=\"mailto:accompagnement.iut@univ-angers.fr\" target=\"_blank\">accompagnement.iut@univ-angers.fr<\/a><\/td><\/tr><tr><td>Facult\u00e9 des sciences<\/td><td><a rel=\"noreferrer noopener\" href=\"mailto:accompagnement.sciences@univ-angers.fr\" target=\"_blank\">accompagnement.sciences@univ-angers.fr<\/a><\/td><\/tr><tr><td>Campus de Cholet <\/td><td><a rel=\"noreferrer noopener\" href=\"mailto:accompagnement.cholet@univ-angers.fr\" target=\"_blank\">accompagnement.cholet@univ-angers.fr<\/a><\/td><\/tr><tr><td>Cheffe de projet accompagnement \u00e0 la r\u00e9ussite<\/td><td><a href=\"mailto:anna.reymondeau@univ-angers.fr\">Anna Reymondeaux<\/a>, 02 41 96 23 74<\/td><\/tr><\/tbody><\/table><\/figure>\n\n\n\n<p><\/p>\n","protected":false},"excerpt":{"rendered":"<p>\u00catre accompagn\u00e9\u00b7e pour mieux r\u00e9ussir! Depuis la rentr\u00e9e 2016, l\u2019Universit\u00e9 d\u2019Angers a mis en place un dispositif d\u2019accompagnement \u00e0 la &hellip; <\/p>\n","protected":false},"author":3,"featured_media":0,"parent":260,"menu_order":3,"comment_status":"closed","ping_status":"closed","template":"","meta":{"inline_featured_image":false,"footnotes":""},"class_list":["post-107","page","type-page","status-publish","hentry"],"featured_image_src":null,"_links":{"self":[{"href":"https:\/\/blogcom.univ-angers.fr\/bienvenue\/wp-json\/wp\/v2\/pages\/107","targetHints":{"allow":["GET"]}}],"collection":[{"href":"https:\/\/blogcom.univ-angers.fr\/bienvenue\/wp-json\/wp\/v2\/pages"}],"about":[{"href":"https:\/\/blogcom.univ-angers.fr\/bienvenue\/wp-json\/wp\/v2\/types\/page"}],"author":[{"embeddable":true,"href":"https:\/\/blogcom.univ-angers.fr\/bienvenue\/wp-json\/wp\/v2\/users\/3"}],"replies":[{"embeddable":true,"href":"https:\/\/blogcom.univ-angers.fr\/bienvenue\/wp-json\/wp\/v2\/comments?post=107"}],"version-history":[{"count":15,"href":"https:\/\/blogcom.univ-angers.fr\/bienvenue\/wp-json\/wp\/v2\/pages\/107\/revisions"}],"predecessor-version":[{"id":3864,"href":"https:\/\/blogcom.univ-angers.fr\/bienvenue\/wp-json\/wp\/v2\/pages\/107\/revisions\/3864"}],"up":[{"embeddable":true,"href":"https:\/\/blogcom.univ-angers.fr\/bienvenue\/wp-json\/wp\/v2\/pages\/260"}],"wp:attachment":[{"href":"https:\/\/blogcom.univ-angers.fr\/bienvenue\/wp-json\/wp\/v2\/media?parent=107"}],"curies":[{"name":"wp","href":"https:\/\/api.w.org\/{rel}","templated":true}]}}