{"id":101,"date":"2022-04-27T18:57:12","date_gmt":"2022-04-27T16:57:12","guid":{"rendered":"https:\/\/blogcom.univ-angers.fr\/bienvenue\/?page_id=101"},"modified":"2024-03-21T15:15:42","modified_gmt":"2024-03-21T14:15:42","slug":"infocampus","status":"publish","type":"page","link":"https:\/\/blogcom.univ-angers.fr\/bienvenue\/fr\/services\/infocampus\/","title":{"rendered":"Infocampus"},"content":{"rendered":"\n<p><strong>Un probl\u00e8me ? Une question sur les bourses, le transport, la sant\u00e9, le logement ou encore les loisirs ? Rendez-vous aux guichets Infocampus pour obtenir des informations et des prestations concr\u00e8tes pour votre vie \u00e9tudiante (forfaits bus\/train, dossier social \u00e9tudiant, pr\u00eat gratuit de v\u00e9lo, cartes culture et A&rsquo;tout\u2026).<\/strong><\/p>\n\n\n\n<p class=\"bleu\">Infocampus est ouvert du 2 au 19 juillet et du 31 ao\u00fbt au 29 septembre.<\/p>\n\n\n\n<ul class=\"wp-block-list\">\n<li>Du 2 au 19 juillet, de 10h \u00e0 16h, contactez-nous par t\u00e9l\u00e9phone au 02 44 68 86 05<\/li>\n\n\n\n<li>Du 31 ao\u00fbt au 29 septembre, de 10h \u00e0 16h, retrouvez-nous aux abords de la BU de Saint-Serge et \u00e0 la Passerelle. <\/li>\n\n\n\n<li>Contactez-nous par mail \u00e0 <a rel=\"noreferrer noopener\" href=\"mailto:infocampus@contact.univ-angers.fr\" target=\"_blank\">infocampus@contact.univ-angers.fr<\/a><\/li>\n<\/ul>\n\n\n\n<p><a href=\"https:\/\/www.univ-angers.fr\/infocampus\" target=\"_blank\" rel=\"noreferrer noopener\">En savoir plus sur le dispositif Infocampus<\/a><\/p>\n\n\n<div class=\"wp-block-image\">\n<figure class=\"aligncenter size-full\"><img loading=\"lazy\" decoding=\"async\" width=\"213\" height=\"230\" src=\"http:\/\/blogcom.univ-angers.fr\/bienvenue\/wp-content\/uploads\/sites\/19\/2022\/05\/illu_site_marentree_infocampus.png\" alt=\"\" class=\"wp-image-528\" \/><\/figure>\n<\/div>","protected":false},"excerpt":{"rendered":"<p>Un probl\u00e8me ? Une question sur les bourses, le transport, la sant\u00e9, le logement ou encore les loisirs ? Rendez-vous &hellip; <\/p>\n","protected":false},"author":3,"featured_media":0,"parent":260,"menu_order":0,"comment_status":"closed","ping_status":"closed","template":"","meta":{"inline_featured_image":false,"footnotes":""},"class_list":["post-101","page","type-page","status-publish","hentry"],"featured_image_src":null,"_links":{"self":[{"href":"https:\/\/blogcom.univ-angers.fr\/bienvenue\/wp-json\/wp\/v2\/pages\/101","targetHints":{"allow":["GET"]}}],"collection":[{"href":"https:\/\/blogcom.univ-angers.fr\/bienvenue\/wp-json\/wp\/v2\/pages"}],"about":[{"href":"https:\/\/blogcom.univ-angers.fr\/bienvenue\/wp-json\/wp\/v2\/types\/page"}],"author":[{"embeddable":true,"href":"https:\/\/blogcom.univ-angers.fr\/bienvenue\/wp-json\/wp\/v2\/users\/3"}],"replies":[{"embeddable":true,"href":"https:\/\/blogcom.univ-angers.fr\/bienvenue\/wp-json\/wp\/v2\/comments?post=101"}],"version-history":[{"count":11,"href":"https:\/\/blogcom.univ-angers.fr\/bienvenue\/wp-json\/wp\/v2\/pages\/101\/revisions"}],"predecessor-version":[{"id":3972,"href":"https:\/\/blogcom.univ-angers.fr\/bienvenue\/wp-json\/wp\/v2\/pages\/101\/revisions\/3972"}],"up":[{"embeddable":true,"href":"https:\/\/blogcom.univ-angers.fr\/bienvenue\/wp-json\/wp\/v2\/pages\/260"}],"wp:attachment":[{"href":"https:\/\/blogcom.univ-angers.fr\/bienvenue\/wp-json\/wp\/v2\/media?parent=101"}],"curies":[{"name":"wp","href":"https:\/\/api.w.org\/{rel}","templated":true}]}}